{"id":20414,"date":"2025-04-17T22:31:11","date_gmt":"2025-04-17T19:31:11","guid":{"rendered":"https:\/\/m2kdijital.com\/makinsan\/?page_id=20414"},"modified":"2025-04-17T23:11:33","modified_gmt":"2025-04-17T20:11:33","slug":"konteynir-tasiyici","status":"publish","type":"page","link":"https:\/\/m2kdijital.com\/makinsan\/konteynir-tasiyici\/","title":{"rendered":"Konteyn\u0131r Ta\u015f\u0131y\u0131c\u0131"},"content":{"rendered":"\t\t<div data-elementor-type=\"wp-page\" data-elementor-id=\"20414\" class=\"elementor elementor-20414\">\n\t\t\t\t\t\t<section class=\"elementor-section elementor-top-section elementor-element elementor-element-0bd020c elementor-section-boxed elementor-section-height-default elementor-section-height-default sc_fly_static\" data-id=\"0bd020c\" data-element_type=\"section\">\n\t\t\t\t\t\t<div class=\"elementor-container elementor-column-gap-extended\">\n\t\t\t\t\t<div class=\"elementor-column elementor-col-100 elementor-top-column elementor-element elementor-element-766f3fa sc_inner_width_none sc_content_align_inherit sc_layouts_column_icons_position_left sc_fly_static\" data-id=\"766f3fa\" data-element_type=\"column\">\n\t\t\t<div class=\"elementor-widget-wrap elementor-element-populated\">\n\t\t\t\t\t\t<div class=\"elementor-element elementor-element-22d79f2 sc_height_huge sc_fly_static elementor-widget elementor-widget-spacer\" data-id=\"22d79f2\" data-element_type=\"widget\" data-widget_type=\"spacer.default\">\n\t\t\t\t<div class=\"elementor-widget-container\">\n\t\t\t\t\t<div class=\"elementor-spacer\">\n\t\t\t<div class=\"elementor-spacer-inner\"><\/div>\n\t\t<\/div>\n\t\t\t\t<\/div>\n\t\t\t\t<\/div>\n\t\t\t\t\t<\/div>\n\t\t<\/div>\n\t\t\t\t\t<\/div>\n\t\t<\/section>\n\t\t\t\t<section class=\"elementor-section elementor-top-section elementor-element elementor-element-1ca39b3 elementor-section-boxed elementor-section-height-default elementor-section-height-default sc_fly_static\" data-id=\"1ca39b3\" data-element_type=\"section\">\n\t\t\t\t\t\t<div class=\"elementor-container elementor-column-gap-extended\">\n\t\t\t\t\t<div class=\"elementor-column elementor-col-33 elementor-top-column elementor-element elementor-element-69b2c53 sc_inner_width_none sc_content_align_inherit sc_layouts_column_icons_position_left sc_fly_static\" data-id=\"69b2c53\" data-element_type=\"column\">\n\t\t\t<div class=\"elementor-widget-wrap elementor-element-populated\">\n\t\t\t\t\t\t<div class=\"elementor-element elementor-element-8111bae sc_fly_static elementor-widget elementor-widget-image\" data-id=\"8111bae\" data-element_type=\"widget\" data-widget_type=\"image.default\">\n\t\t\t\t<div class=\"elementor-widget-container\">\n\t\t\t\t\t\t\t\t\t\t<figure class=\"wp-caption\">\n\t\t\t\t\t\t\t\t\t\t\t<a href=\"https:\/\/m2kdijital.com\/makinsan\/portfolio\/kilcik-tipi-konteyner-tasiyici\/\">\n\t\t\t\t\t\t\t<img fetchpriority=\"high\" decoding=\"async\" width=\"1024\" height=\"683\" src=\"https:\/\/m2kdijital.com\/makinsan\/wp-content\/uploads\/2025\/04\/KAPAK-GORSELI-1-1024x683.jpg\" class=\"attachment-large size-large wp-image-20486\" alt=\"\" srcset=\"https:\/\/m2kdijital.com\/makinsan\/wp-content\/uploads\/2025\/04\/KAPAK-GORSELI-1-1024x683.jpg 1024w, https:\/\/m2kdijital.com\/makinsan\/wp-content\/uploads\/2025\/04\/KAPAK-GORSELI-1-300x200.jpg 300w, https:\/\/m2kdijital.com\/makinsan\/wp-content\/uploads\/2025\/04\/KAPAK-GORSELI-1-768x512.jpg 768w, https:\/\/m2kdijital.com\/makinsan\/wp-content\/uploads\/2025\/04\/KAPAK-GORSELI-1-1536x1024.jpg 1536w, https:\/\/m2kdijital.com\/makinsan\/wp-content\/uploads\/2025\/04\/KAPAK-GORSELI-1-2048x1365.jpg 2048w, https:\/\/m2kdijital.com\/makinsan\/wp-content\/uploads\/2025\/04\/KAPAK-GORSELI-1-370x247.jpg 370w, https:\/\/m2kdijital.com\/makinsan\/wp-content\/uploads\/2025\/04\/KAPAK-GORSELI-1-840x560.jpg 840w, https:\/\/m2kdijital.com\/makinsan\/wp-content\/uploads\/2025\/04\/KAPAK-GORSELI-1-410x273.jpg 410w\" sizes=\"(max-width: 1024px) 100vw, 1024px\" \/>\t\t\t\t\t\t\t\t<\/a>\n\t\t\t\t\t\t\t\t\t\t\t<figcaption class=\"widget-image-caption wp-caption-text\">K\u0131l\u00e7\u0131k Tipi<\/figcaption>\n\t\t\t\t\t\t\t\t\t\t<\/figure>\n\t\t\t\t\t\t\t<\/div>\n\t\t\t\t<\/div>\n\t\t\t\t\t<\/div>\n\t\t<\/div>\n\t\t\t\t<div class=\"elementor-column elementor-col-33 elementor-top-column elementor-element elementor-element-54716a5 sc_inner_width_none sc_content_align_inherit sc_layouts_column_icons_position_left sc_fly_static\" data-id=\"54716a5\" data-element_type=\"column\">\n\t\t\t<div class=\"elementor-widget-wrap\">\n\t\t\t\t\t\t\t<\/div>\n\t\t<\/div>\n\t\t\t\t<div class=\"elementor-column elementor-col-33 elementor-top-column elementor-element elementor-element-4384aa6 sc_inner_width_none sc_content_align_inherit sc_layouts_column_icons_position_left sc_fly_static\" data-id=\"4384aa6\" data-element_type=\"column\">\n\t\t\t<div class=\"elementor-widget-wrap\">\n\t\t\t\t\t\t\t<\/div>\n\t\t<\/div>\n\t\t\t\t\t<\/div>\n\t\t<\/section>\n\t\t\t\t<section class=\"elementor-section elementor-top-section elementor-element elementor-element-9028ecd elementor-section-boxed elementor-section-height-default elementor-section-height-default sc_fly_static\" data-id=\"9028ecd\" data-element_type=\"section\">\n\t\t\t\t\t\t<div class=\"elementor-container elementor-column-gap-extended\">\n\t\t\t\t\t<div class=\"elementor-column elementor-col-100 elementor-top-column elementor-element elementor-element-0578093 sc_inner_width_none sc_content_align_inherit sc_layouts_column_icons_position_left sc_fly_static\" data-id=\"0578093\" data-element_type=\"column\">\n\t\t\t<div class=\"elementor-widget-wrap elementor-element-populated\">\n\t\t\t\t\t\t<div class=\"elementor-element elementor-element-1f97af2 sc_height_huge sc_fly_static elementor-widget elementor-widget-spacer\" data-id=\"1f97af2\" data-element_type=\"widget\" data-widget_type=\"spacer.default\">\n\t\t\t\t<div class=\"elementor-widget-container\">\n\t\t\t\t\t<div class=\"elementor-spacer\">\n\t\t\t<div class=\"elementor-spacer-inner\"><\/div>\n\t\t<\/div>\n\t\t\t\t<\/div>\n\t\t\t\t<\/div>\n\t\t\t\t\t<\/div>\n\t\t<\/div>\n\t\t\t\t\t<\/div>\n\t\t<\/section>\n\t\t\t\t<\/div>\n\t\t","protected":false},"excerpt":{"rendered":"<p>K\u0131l\u00e7\u0131k Tipi<\/p>\n","protected":false},"author":1,"featured_media":0,"parent":0,"menu_order":0,"comment_status":"closed","ping_status":"closed","template":"","meta":{"footnotes":""},"class_list":["post-20414","page","type-page","status-publish","hentry"],"_links":{"self":[{"href":"https:\/\/m2kdijital.com\/makinsan\/wp-json\/wp\/v2\/pages\/20414","targetHints":{"allow":["GET"]}}],"collection":[{"href":"https:\/\/m2kdijital.com\/makinsan\/wp-json\/wp\/v2\/pages"}],"about":[{"href":"https:\/\/m2kdijital.com\/makinsan\/wp-json\/wp\/v2\/types\/page"}],"author":[{"embeddable":true,"href":"https:\/\/m2kdijital.com\/makinsan\/wp-json\/wp\/v2\/users\/1"}],"replies":[{"embeddable":true,"href":"https:\/\/m2kdijital.com\/makinsan\/wp-json\/wp\/v2\/comments?post=20414"}],"version-history":[{"count":7,"href":"https:\/\/m2kdijital.com\/makinsan\/wp-json\/wp\/v2\/pages\/20414\/revisions"}],"predecessor-version":[{"id":20492,"href":"https:\/\/m2kdijital.com\/makinsan\/wp-json\/wp\/v2\/pages\/20414\/revisions\/20492"}],"wp:attachment":[{"href":"https:\/\/m2kdijital.com\/makinsan\/wp-json\/wp\/v2\/media?parent=20414"}],"curies":[{"name":"wp","href":"https:\/\/api.w.org\/{rel}","templated":true}]}}