{"id":20365,"date":"2025-04-09T13:23:10","date_gmt":"2025-04-09T10:23:10","guid":{"rendered":"https:\/\/m2kdijital.com\/makinsan\/?page_id=20365"},"modified":"2025-04-26T17:43:36","modified_gmt":"2025-04-26T14:43:36","slug":"low-bed","status":"publish","type":"page","link":"https:\/\/m2kdijital.com\/makinsan\/low-bed\/","title":{"rendered":"Low-Bed"},"content":{"rendered":"\t\t<div data-elementor-type=\"wp-page\" data-elementor-id=\"20365\" class=\"elementor elementor-20365\">\n\t\t\t\t\t\t<section class=\"elementor-section elementor-top-section elementor-element elementor-element-0bd020c elementor-section-boxed elementor-section-height-default elementor-section-height-default sc_fly_static\" data-id=\"0bd020c\" data-element_type=\"section\">\n\t\t\t\t\t\t<div class=\"elementor-container elementor-column-gap-extended\">\n\t\t\t\t\t<div class=\"elementor-column elementor-col-100 elementor-top-column elementor-element elementor-element-766f3fa sc_inner_width_none sc_content_align_inherit sc_layouts_column_icons_position_left sc_fly_static\" data-id=\"766f3fa\" data-element_type=\"column\">\n\t\t\t<div class=\"elementor-widget-wrap elementor-element-populated\">\n\t\t\t\t\t\t<div class=\"elementor-element elementor-element-22d79f2 sc_height_huge sc_fly_static elementor-widget elementor-widget-spacer\" data-id=\"22d79f2\" data-element_type=\"widget\" data-widget_type=\"spacer.default\">\n\t\t\t\t<div class=\"elementor-widget-container\">\n\t\t\t\t\t<div class=\"elementor-spacer\">\n\t\t\t<div class=\"elementor-spacer-inner\"><\/div>\n\t\t<\/div>\n\t\t\t\t<\/div>\n\t\t\t\t<\/div>\n\t\t\t\t\t<\/div>\n\t\t<\/div>\n\t\t\t\t\t<\/div>\n\t\t<\/section>\n\t\t\t\t<section class=\"elementor-section elementor-top-section elementor-element elementor-element-1ca39b3 elementor-section-boxed elementor-section-height-default elementor-section-height-default sc_fly_static\" data-id=\"1ca39b3\" data-element_type=\"section\">\n\t\t\t\t\t\t<div class=\"elementor-container elementor-column-gap-extended\">\n\t\t\t\t\t<div class=\"elementor-column elementor-col-33 elementor-top-column elementor-element elementor-element-69b2c53 sc_inner_width_none sc_content_align_inherit sc_layouts_column_icons_position_left sc_fly_static\" data-id=\"69b2c53\" data-element_type=\"column\">\n\t\t\t<div class=\"elementor-widget-wrap elementor-element-populated\">\n\t\t\t\t\t\t<div class=\"elementor-element elementor-element-8111bae sc_fly_static elementor-widget elementor-widget-image\" data-id=\"8111bae\" data-element_type=\"widget\" data-widget_type=\"image.default\">\n\t\t\t\t<div class=\"elementor-widget-container\">\n\t\t\t\t\t\t\t\t\t\t<figure class=\"wp-caption\">\n\t\t\t\t\t\t\t\t\t\t\t<a href=\"https:\/\/m2kdijital.com\/makinsan\/portfolio\/lowbed-sira-dingilli\/\">\n\t\t\t\t\t\t\t<img fetchpriority=\"high\" decoding=\"async\" width=\"890\" height=\"664\" src=\"https:\/\/m2kdijital.com\/makinsan\/wp-content\/uploads\/2025\/04\/KAPAK-GORSELI-4-890x664.jpg\" class=\"attachment-globallogistics-thumb-square size-globallogistics-thumb-square wp-image-20573\" alt=\"\" srcset=\"https:\/\/m2kdijital.com\/makinsan\/wp-content\/uploads\/2025\/04\/KAPAK-GORSELI-4-890x664.jpg 890w, https:\/\/m2kdijital.com\/makinsan\/wp-content\/uploads\/2025\/04\/KAPAK-GORSELI-4-300x225.jpg 300w\" sizes=\"(max-width: 890px) 100vw, 890px\" \/>\t\t\t\t\t\t\t\t<\/a>\n\t\t\t\t\t\t\t\t\t\t\t<figcaption class=\"widget-image-caption wp-caption-text\">S\u0131ra Dingilli<\/figcaption>\n\t\t\t\t\t\t\t\t\t\t<\/figure>\n\t\t\t\t\t\t\t<\/div>\n\t\t\t\t<\/div>\n\t\t\t\t\t<\/div>\n\t\t<\/div>\n\t\t\t\t<div class=\"elementor-column elementor-col-33 elementor-top-column elementor-element elementor-element-54716a5 sc_inner_width_none sc_content_align_inherit sc_layouts_column_icons_position_left sc_fly_static\" data-id=\"54716a5\" data-element_type=\"column\">\n\t\t\t<div class=\"elementor-widget-wrap elementor-element-populated\">\n\t\t\t\t\t\t<div class=\"elementor-element elementor-element-a536184 sc_fly_static elementor-widget elementor-widget-image\" data-id=\"a536184\" data-element_type=\"widget\" data-widget_type=\"image.default\">\n\t\t\t\t<div class=\"elementor-widget-container\">\n\t\t\t\t\t\t\t\t\t\t<figure class=\"wp-caption\">\n\t\t\t\t\t\t\t\t\t\t\t<a href=\"https:\/\/m2kdijital.com\/makinsan\/portfolio\/lowbed-uzamali\/\">\n\t\t\t\t\t\t\t<img decoding=\"async\" width=\"890\" height=\"664\" src=\"https:\/\/m2kdijital.com\/makinsan\/wp-content\/uploads\/2025\/04\/KAPAK-GORSELI-5-890x664.jpg\" class=\"attachment-globallogistics-thumb-square size-globallogistics-thumb-square wp-image-20591\" alt=\"\" \/>\t\t\t\t\t\t\t\t<\/a>\n\t\t\t\t\t\t\t\t\t\t\t<figcaption class=\"widget-image-caption wp-caption-text\">Uzamal\u0131<\/figcaption>\n\t\t\t\t\t\t\t\t\t\t<\/figure>\n\t\t\t\t\t\t\t<\/div>\n\t\t\t\t<\/div>\n\t\t\t\t\t<\/div>\n\t\t<\/div>\n\t\t\t\t<div class=\"elementor-column elementor-col-33 elementor-top-column elementor-element elementor-element-4384aa6 sc_inner_width_none sc_content_align_inherit sc_layouts_column_icons_position_left sc_fly_static\" data-id=\"4384aa6\" data-element_type=\"column\">\n\t\t\t<div class=\"elementor-widget-wrap elementor-element-populated\">\n\t\t\t\t\t\t<div class=\"elementor-element elementor-element-9a16c29 sc_fly_static elementor-widget elementor-widget-image\" data-id=\"9a16c29\" data-element_type=\"widget\" data-widget_type=\"image.default\">\n\t\t\t\t<div class=\"elementor-widget-container\">\n\t\t\t\t\t\t\t\t\t\t<figure class=\"wp-caption\">\n\t\t\t\t\t\t\t\t\t\t\t<a href=\"https:\/\/m2kdijital.com\/makinsan\/portfolio\/lowbed-sabit\/\">\n\t\t\t\t\t\t\t<img decoding=\"async\" width=\"890\" height=\"664\" src=\"https:\/\/m2kdijital.com\/makinsan\/wp-content\/uploads\/2025\/04\/KAPAK-GORSELI-3-890x664.jpg\" class=\"attachment-globallogistics-thumb-square size-globallogistics-thumb-square wp-image-20562\" alt=\"\" \/>\t\t\t\t\t\t\t\t<\/a>\n\t\t\t\t\t\t\t\t\t\t\t<figcaption class=\"widget-image-caption wp-caption-text\">Sabit<\/figcaption>\n\t\t\t\t\t\t\t\t\t\t<\/figure>\n\t\t\t\t\t\t\t<\/div>\n\t\t\t\t<\/div>\n\t\t\t\t\t<\/div>\n\t\t<\/div>\n\t\t\t\t\t<\/div>\n\t\t<\/section>\n\t\t\t\t<section class=\"elementor-section elementor-top-section elementor-element elementor-element-6a2907e elementor-section-boxed elementor-section-height-default elementor-section-height-default sc_fly_static\" data-id=\"6a2907e\" data-element_type=\"section\">\n\t\t\t\t\t\t<div class=\"elementor-container elementor-column-gap-extended\">\n\t\t\t\t\t<div class=\"elementor-column elementor-col-33 elementor-top-column elementor-element elementor-element-e8a8f32 sc_inner_width_none sc_content_align_inherit sc_layouts_column_icons_position_left sc_fly_static\" data-id=\"e8a8f32\" data-element_type=\"column\">\n\t\t\t<div class=\"elementor-widget-wrap elementor-element-populated\">\n\t\t\t\t\t\t<div class=\"elementor-element elementor-element-63f0e3c sc_fly_static elementor-widget elementor-widget-image\" data-id=\"63f0e3c\" data-element_type=\"widget\" data-widget_type=\"image.default\">\n\t\t\t\t<div class=\"elementor-widget-container\">\n\t\t\t\t\t\t\t\t\t\t<figure class=\"wp-caption\">\n\t\t\t\t\t\t\t\t\t\t\t<a href=\"https:\/\/m2kdijital.com\/makinsan\/portfolio\/lowbed-onden-yuklemeli\/\">\n\t\t\t\t\t\t\t<img loading=\"lazy\" decoding=\"async\" width=\"890\" height=\"664\" src=\"https:\/\/m2kdijital.com\/makinsan\/wp-content\/uploads\/2025\/04\/KAPAK-GORSELI-2-890x664.jpg\" class=\"attachment-globallogistics-thumb-square size-globallogistics-thumb-square wp-image-20548\" alt=\"\" \/>\t\t\t\t\t\t\t\t<\/a>\n\t\t\t\t\t\t\t\t\t\t\t<figcaption class=\"widget-image-caption wp-caption-text\">\u00d6nden Y\u00fcklemeli<\/figcaption>\n\t\t\t\t\t\t\t\t\t\t<\/figure>\n\t\t\t\t\t\t\t<\/div>\n\t\t\t\t<\/div>\n\t\t\t\t\t<\/div>\n\t\t<\/div>\n\t\t\t\t<div class=\"elementor-column elementor-col-33 elementor-top-column elementor-element elementor-element-c24766c sc_inner_width_none sc_content_align_inherit sc_layouts_column_icons_position_left sc_fly_static\" data-id=\"c24766c\" data-element_type=\"column\">\n\t\t\t<div class=\"elementor-widget-wrap\">\n\t\t\t\t\t\t\t<\/div>\n\t\t<\/div>\n\t\t\t\t<div class=\"elementor-column elementor-col-33 elementor-top-column elementor-element elementor-element-7d374de sc_inner_width_none sc_content_align_inherit sc_layouts_column_icons_position_left sc_fly_static\" data-id=\"7d374de\" data-element_type=\"column\">\n\t\t\t<div class=\"elementor-widget-wrap\">\n\t\t\t\t\t\t\t<\/div>\n\t\t<\/div>\n\t\t\t\t\t<\/div>\n\t\t<\/section>\n\t\t\t\t<section class=\"elementor-section elementor-top-section elementor-element elementor-element-9028ecd elementor-section-boxed elementor-section-height-default elementor-section-height-default sc_fly_static\" data-id=\"9028ecd\" data-element_type=\"section\">\n\t\t\t\t\t\t<div class=\"elementor-container elementor-column-gap-extended\">\n\t\t\t\t\t<div class=\"elementor-column elementor-col-100 elementor-top-column elementor-element elementor-element-0578093 sc_inner_width_none sc_content_align_inherit sc_layouts_column_icons_position_left sc_fly_static\" data-id=\"0578093\" data-element_type=\"column\">\n\t\t\t<div class=\"elementor-widget-wrap elementor-element-populated\">\n\t\t\t\t\t\t<div class=\"elementor-element elementor-element-1f97af2 sc_height_huge sc_fly_static elementor-widget elementor-widget-spacer\" data-id=\"1f97af2\" data-element_type=\"widget\" data-widget_type=\"spacer.default\">\n\t\t\t\t<div class=\"elementor-widget-container\">\n\t\t\t\t\t<div class=\"elementor-spacer\">\n\t\t\t<div class=\"elementor-spacer-inner\"><\/div>\n\t\t<\/div>\n\t\t\t\t<\/div>\n\t\t\t\t<\/div>\n\t\t\t\t\t<\/div>\n\t\t<\/div>\n\t\t\t\t\t<\/div>\n\t\t<\/section>\n\t\t\t\t<\/div>\n\t\t","protected":false},"excerpt":{"rendered":"<p>S\u0131ra Dingilli Uzamal\u0131 Sabit \u00d6nden Y\u00fcklemeli<\/p>\n","protected":false},"author":1,"featured_media":0,"parent":0,"menu_order":0,"comment_status":"closed","ping_status":"closed","template":"","meta":{"footnotes":""},"class_list":["post-20365","page","type-page","status-publish","hentry"],"_links":{"self":[{"href":"https:\/\/m2kdijital.com\/makinsan\/wp-json\/wp\/v2\/pages\/20365","targetHints":{"allow":["GET"]}}],"collection":[{"href":"https:\/\/m2kdijital.com\/makinsan\/wp-json\/wp\/v2\/pages"}],"about":[{"href":"https:\/\/m2kdijital.com\/makinsan\/wp-json\/wp\/v2\/types\/page"}],"author":[{"embeddable":true,"href":"https:\/\/m2kdijital.com\/makinsan\/wp-json\/wp\/v2\/users\/1"}],"replies":[{"embeddable":true,"href":"https:\/\/m2kdijital.com\/makinsan\/wp-json\/wp\/v2\/comments?post=20365"}],"version-history":[{"count":40,"href":"https:\/\/m2kdijital.com\/makinsan\/wp-json\/wp\/v2\/pages\/20365\/revisions"}],"predecessor-version":[{"id":20598,"href":"https:\/\/m2kdijital.com\/makinsan\/wp-json\/wp\/v2\/pages\/20365\/revisions\/20598"}],"wp:attachment":[{"href":"https:\/\/m2kdijital.com\/makinsan\/wp-json\/wp\/v2\/media?parent=20365"}],"curies":[{"name":"wp","href":"https:\/\/api.w.org\/{rel}","templated":true}]}}