{"id":19848,"date":"2024-06-24T01:11:40","date_gmt":"2024-06-23T22:11:40","guid":{"rendered":"https:\/\/m2kdijital.com\/makinsan\/?page_id=19848"},"modified":"2024-06-27T10:58:27","modified_gmt":"2024-06-27T07:58:27","slug":"tasarim-merkezi","status":"publish","type":"page","link":"https:\/\/m2kdijital.com\/makinsan\/tasarim-merkezi\/","title":{"rendered":"Tasar\u0131m Merkezi"},"content":{"rendered":"\t\t<div data-elementor-type=\"wp-page\" data-elementor-id=\"19848\" class=\"elementor elementor-19848\">\n\t\t\t\t\t\t<section class=\"elementor-section elementor-top-section elementor-element elementor-element-0bd020c elementor-section-boxed elementor-section-height-default elementor-section-height-default sc_fly_static\" data-id=\"0bd020c\" data-element_type=\"section\">\n\t\t\t\t\t\t<div class=\"elementor-container elementor-column-gap-extended\">\n\t\t\t\t\t<div class=\"elementor-column elementor-col-100 elementor-top-column elementor-element elementor-element-d377916 sc_inner_width_none sc_content_align_inherit sc_layouts_column_icons_position_left sc_fly_static\" data-id=\"d377916\" data-element_type=\"column\">\n\t\t\t<div class=\"elementor-widget-wrap elementor-element-populated\">\n\t\t\t\t\t\t<div class=\"elementor-element elementor-element-a2c9a94 sc_fly_static elementor-widget elementor-widget-image\" data-id=\"a2c9a94\" data-element_type=\"widget\" data-widget_type=\"image.default\">\n\t\t\t\t<div class=\"elementor-widget-container\">\n\t\t\t\t\t\t\t\t\t\t\t\t\t<img fetchpriority=\"high\" decoding=\"async\" width=\"1600\" height=\"400\" src=\"https:\/\/m2kdijital.com\/makinsan\/wp-content\/uploads\/2024\/06\/tasarim-sayfa.jpg\" class=\"attachment-full size-full wp-image-20056\" alt=\"\" srcset=\"https:\/\/m2kdijital.com\/makinsan\/wp-content\/uploads\/2024\/06\/tasarim-sayfa.jpg 1600w, https:\/\/m2kdijital.com\/makinsan\/wp-content\/uploads\/2024\/06\/tasarim-sayfa-300x75.jpg 300w, https:\/\/m2kdijital.com\/makinsan\/wp-content\/uploads\/2024\/06\/tasarim-sayfa-1024x256.jpg 1024w, https:\/\/m2kdijital.com\/makinsan\/wp-content\/uploads\/2024\/06\/tasarim-sayfa-768x192.jpg 768w, https:\/\/m2kdijital.com\/makinsan\/wp-content\/uploads\/2024\/06\/tasarim-sayfa-1536x384.jpg 1536w, https:\/\/m2kdijital.com\/makinsan\/wp-content\/uploads\/2024\/06\/tasarim-sayfa-370x93.jpg 370w, https:\/\/m2kdijital.com\/makinsan\/wp-content\/uploads\/2024\/06\/tasarim-sayfa-840x210.jpg 840w, https:\/\/m2kdijital.com\/makinsan\/wp-content\/uploads\/2024\/06\/tasarim-sayfa-410x103.jpg 410w\" sizes=\"(max-width: 1600px) 100vw, 1600px\" \/>\t\t\t\t\t\t\t\t\t\t\t\t\t<\/div>\n\t\t\t\t<\/div>\n\t\t\t\t\t<\/div>\n\t\t<\/div>\n\t\t\t\t\t<\/div>\n\t\t<\/section>\n\t\t\t\t<section class=\"elementor-section elementor-top-section elementor-element elementor-element-def2510 elementor-section-boxed elementor-section-height-default elementor-section-height-default sc_fly_static\" data-id=\"def2510\" data-element_type=\"section\">\n\t\t\t\t\t\t<div class=\"elementor-container elementor-column-gap-extended\">\n\t\t\t\t\t<div class=\"elementor-column elementor-col-100 elementor-top-column elementor-element elementor-element-5bb8543 sc_inner_width_none sc_content_align_inherit sc_layouts_column_icons_position_left sc_fly_static\" data-id=\"5bb8543\" data-element_type=\"column\">\n\t\t\t<div class=\"elementor-widget-wrap elementor-element-populated\">\n\t\t\t\t\t\t<section class=\"elementor-section elementor-inner-section elementor-element elementor-element-17091cc elementor-section-boxed elementor-section-height-default elementor-section-height-default sc_fly_static\" data-id=\"17091cc\" data-element_type=\"section\">\n\t\t\t\t\t\t<div class=\"elementor-container elementor-column-gap-no\">\n\t\t\t\t\t<div class=\"elementor-column elementor-col-50 elementor-inner-column elementor-element elementor-element-eb2597a sc_inner_width_none sc_content_align_inherit sc_layouts_column_icons_position_left sc_fly_static\" data-id=\"eb2597a\" data-element_type=\"column\">\n\t\t\t<div class=\"elementor-widget-wrap elementor-element-populated\">\n\t\t\t\t\t\t<div class=\"elementor-element elementor-element-7533b11 sc_fly_static elementor-widget elementor-widget-trx_sc_title\" data-id=\"7533b11\" data-element_type=\"widget\" data-widget_type=\"trx_sc_title.default\">\n\t\t\t\t<div class=\"elementor-widget-container\">\n\t\t\t<div\t\tclass=\"sc_title sc_title_default\" ><span class=\"sc_item_subtitle sc_title_subtitle sc_item_subtitle_above sc_item_title_style_default\">Hizmetlerimiz<\/span><h1 class=\"sc_item_title sc_title_title sc_item_title_style_default sc_item_title_tag\"\n\t\t\t><span class=\"sc_item_title_text\">Tasar\u0131m Merkezi<\/span><\/h1><\/div>\t\t<\/div>\n\t\t\t\t<\/div>\n\t\t\t\t\t<\/div>\n\t\t<\/div>\n\t\t\t\t<div class=\"elementor-column elementor-col-50 elementor-inner-column elementor-element elementor-element-28644b6 sc_inner_width_none sc_content_align_inherit sc_layouts_column_icons_position_left sc_fly_static\" data-id=\"28644b6\" data-element_type=\"column\">\n\t\t\t<div class=\"elementor-widget-wrap elementor-element-populated\">\n\t\t\t\t\t\t<div class=\"elementor-element elementor-element-4294f28 sc_fly_static elementor-widget elementor-widget-text-editor\" data-id=\"4294f28\" data-element_type=\"widget\" data-widget_type=\"text-editor.default\">\n\t\t\t\t<div class=\"elementor-widget-container\">\n\t\t\t\t\t\t\t<div>Makinsan Treyler, m\u00fc\u015fteri beklentilerini en iyi \u015fekilde kar\u015f\u0131lamak ve yenilik\u00e7i fikirleri projelendirmek amac\u0131 ile konusunda uzman kadrosu ile \u00e7al\u0131\u015fmalar\u0131n\u0131 etkin bir \u015fekilde s\u00fcrd\u00fcrmektedir.<\/div><div>\u00a0<\/div><div>1992 y\u0131l\u0131ndan bu yana sahip oldu\u011fu bilgi birikimi ile \u00fcr\u00fcn geli\u015ftirme, yeni \u00fcr\u00fcn tasar\u0131m\u0131 ve ara\u015ft\u0131rma-geli\u015ftirme faaliyetlerini; bu ba\u011flamda tasar\u0131m yetene\u011fini, Kas\u0131m 2018 y\u0131l\u0131 itibariyle\u00a0 sahip oldu\u011fu tasar\u0131m merkezi kimli\u011fi ile sistematik hale getirmi\u015ftir. Son kullan\u0131c\u0131 ihtiya\u00e7 ve beklentilerini en iyi \u015fekilde kar\u015f\u0131lamak ana hedefi ile yeni \u00fcr\u00fcn geli\u015fiminden mevcut \u00fcr\u00fcn iyile\u015ftirmelerine kadar yenilik\u00e7i \u00fcr\u00fcn ve hizmetler sunmaya devam etmektedir.<\/div><div>\u00a0<\/div><div>Makinsan Treyler, \u00fcr\u00fcnlerin fikir a\u015famas\u0131ndan son halini al\u0131ncaya dek uygulad\u0131\u011f\u0131 tasar\u0131m s\u00fcre\u00e7lerinde arac\u0131n etki alt\u0131nda olaca\u011f\u0131 fiziksel etkenlerin sanal ortamda sim\u00fclasyonlar\u0131 yap\u0131larak, emniyet, dayan\u0131kl\u0131l\u0131k, i\u015flevselli\u011fine y\u00f6nelik \u00e7al\u0131\u015fmalar\u0131n\u0131 titizlikle uygulamaktad\u0131r. Proje \u00e7al\u0131\u015fmalar\u0131nda, sonlu elemanlar y\u00f6ntemi kullan\u0131larak uygulanan yap\u0131sal analizler ile tasar\u0131mlar\u0131n y\u00fck da\u011f\u0131l\u0131m\u0131, mukavemet ve aerodinamik yap\u0131s\u0131 incelenmekte ve optimum \u00e7\u00f6z\u00fcmler sunulmaktad\u0131r. Daha iyiye ula\u015fma gayretiyle fikri m\u00fclkiyet haklar\u0131n\u0131 koruyup yeni \u00e7\u00f6z\u00fcmler ve \u00fcr\u00fcnler geli\u015ftirmekte, tasar\u0131m faaliyetlerini g\u00fc\u00e7lendirerek sahip oldu\u011fu g\u00fc\u00e7l\u00fc i\u00e7 ve d\u0131\u015f m\u00fc\u015fteri portf\u00f6y\u00fc ile hedeflerini ger\u00e7ekle\u015ftirmeye devam etmektedir.<\/div>\t\t\t\t\t\t<\/div>\n\t\t\t\t<\/div>\n\t\t\t\t\t<\/div>\n\t\t<\/div>\n\t\t\t\t\t<\/div>\n\t\t<\/section>\n\t\t\t\t<section class=\"elementor-section elementor-inner-section elementor-element elementor-element-22eb0c9 elementor-section-boxed elementor-section-height-default elementor-section-height-default sc_fly_static\" data-id=\"22eb0c9\" data-element_type=\"section\">\n\t\t\t\t\t\t<div class=\"elementor-container elementor-column-gap-no\">\n\t\t\t\t\t<div class=\"elementor-column elementor-col-100 elementor-inner-column elementor-element elementor-element-4455d15 sc_inner_width_none sc_content_align_inherit sc_layouts_column_icons_position_left sc_fly_static\" data-id=\"4455d15\" data-element_type=\"column\">\n\t\t\t<div class=\"elementor-widget-wrap elementor-element-populated\">\n\t\t\t\t\t\t<div class=\"elementor-element elementor-element-33d2b78 sc_fly_static elementor-widget elementor-widget-video\" data-id=\"33d2b78\" data-element_type=\"widget\" data-settings=\"{&quot;youtube_url&quot;:&quot;https:\\\/\\\/www.youtube.com\\\/watch?v=65DSnVXr2io&quot;,&quot;video_type&quot;:&quot;youtube&quot;,&quot;controls&quot;:&quot;yes&quot;}\" data-widget_type=\"video.default\">\n\t\t\t\t<div class=\"elementor-widget-container\">\n\t\t\t\t\t<div class=\"elementor-wrapper elementor-open-inline\">\n\t\t\t<div class=\"elementor-video\"><\/div>\t\t<\/div>\n\t\t\t\t<\/div>\n\t\t\t\t<\/div>\n\t\t\t\t\t<\/div>\n\t\t<\/div>\n\t\t\t\t\t<\/div>\n\t\t<\/section>\n\t\t\t\t<section class=\"elementor-section elementor-inner-section elementor-element elementor-element-8c5c0d7 elementor-section-boxed elementor-section-height-default elementor-section-height-default sc_fly_static\" data-id=\"8c5c0d7\" data-element_type=\"section\">\n\t\t\t\t\t\t<div class=\"elementor-container elementor-column-gap-extended\">\n\t\t\t\t\t<div class=\"elementor-column elementor-col-100 elementor-inner-column elementor-element elementor-element-6d528c4 sc_inner_width_none sc_content_align_inherit sc_layouts_column_icons_position_left sc_fly_static\" data-id=\"6d528c4\" data-element_type=\"column\">\n\t\t\t<div class=\"elementor-widget-wrap elementor-element-populated\">\n\t\t\t\t\t\t<div class=\"elementor-element elementor-element-e90d9e5 gallery-spacing-custom sc_fly_static elementor-widget elementor-widget-image-gallery\" data-id=\"e90d9e5\" data-element_type=\"widget\" data-widget_type=\"image-gallery.default\">\n\t\t\t\t<div class=\"elementor-widget-container\">\n\t\t\t\t\t<div class=\"elementor-image-gallery\">\n\t\t\t<div id='gallery-1' class='gallery galleryid-19848 gallery-columns-4 gallery-size-thumbnail'><figure class='gallery-item'>\n\t\t\t<div class='gallery-icon landscape'>\n\t\t\t\t<a data-elementor-open-lightbox=\"yes\" data-elementor-lightbox-slideshow=\"e90d9e5\" data-elementor-lightbox-title=\"tasarim-merkezi_9f7\" data-e-action-hash=\"#elementor-action%3Aaction%3Dlightbox%26settings%3DeyJpZCI6MjAwNTcsInVybCI6Imh0dHBzOlwvXC9tMmtkaWppdGFsLmNvbVwvbWFraW5zYW5cL3dwLWNvbnRlbnRcL3VwbG9hZHNcLzIwMjRcLzA2XC90YXNhcmltLW1lcmtlemlfOWY3LmpwZWciLCJzbGlkZXNob3ciOiJlOTBkOWU1In0%3D\" href='https:\/\/m2kdijital.com\/makinsan\/wp-content\/uploads\/2024\/06\/tasarim-merkezi_9f7.jpeg'><img decoding=\"async\" width=\"150\" height=\"150\" src=\"https:\/\/m2kdijital.com\/makinsan\/wp-content\/uploads\/2024\/06\/tasarim-merkezi_9f7-150x150.jpeg\" class=\"attachment-thumbnail size-thumbnail\" alt=\"\" srcset=\"https:\/\/m2kdijital.com\/makinsan\/wp-content\/uploads\/2024\/06\/tasarim-merkezi_9f7-150x150.jpeg 150w, https:\/\/m2kdijital.com\/makinsan\/wp-content\/uploads\/2024\/06\/tasarim-merkezi_9f7-120x120.jpeg 120w, https:\/\/m2kdijital.com\/makinsan\/wp-content\/uploads\/2024\/06\/tasarim-merkezi_9f7-370x370.jpeg 370w\" sizes=\"(max-width: 150px) 100vw, 150px\" \/><\/a>\n\t\t\t<\/div><\/figure><figure class='gallery-item'>\n\t\t\t<div class='gallery-icon landscape'>\n\t\t\t\t<a data-elementor-open-lightbox=\"yes\" data-elementor-lightbox-slideshow=\"e90d9e5\" data-elementor-lightbox-title=\"tasarim-merkezi_11b\" data-e-action-hash=\"#elementor-action%3Aaction%3Dlightbox%26settings%3DeyJpZCI6MjAwNTgsInVybCI6Imh0dHBzOlwvXC9tMmtkaWppdGFsLmNvbVwvbWFraW5zYW5cL3dwLWNvbnRlbnRcL3VwbG9hZHNcLzIwMjRcLzA2XC90YXNhcmltLW1lcmtlemlfMTFiLmpwZWciLCJzbGlkZXNob3ciOiJlOTBkOWU1In0%3D\" href='https:\/\/m2kdijital.com\/makinsan\/wp-content\/uploads\/2024\/06\/tasarim-merkezi_11b.jpeg'><img decoding=\"async\" width=\"150\" height=\"150\" src=\"https:\/\/m2kdijital.com\/makinsan\/wp-content\/uploads\/2024\/06\/tasarim-merkezi_11b-150x150.jpeg\" class=\"attachment-thumbnail size-thumbnail\" alt=\"\" srcset=\"https:\/\/m2kdijital.com\/makinsan\/wp-content\/uploads\/2024\/06\/tasarim-merkezi_11b-150x150.jpeg 150w, https:\/\/m2kdijital.com\/makinsan\/wp-content\/uploads\/2024\/06\/tasarim-merkezi_11b-120x120.jpeg 120w, https:\/\/m2kdijital.com\/makinsan\/wp-content\/uploads\/2024\/06\/tasarim-merkezi_11b-370x370.jpeg 370w\" sizes=\"(max-width: 150px) 100vw, 150px\" \/><\/a>\n\t\t\t<\/div><\/figure><figure class='gallery-item'>\n\t\t\t<div class='gallery-icon landscape'>\n\t\t\t\t<a data-elementor-open-lightbox=\"yes\" data-elementor-lightbox-slideshow=\"e90d9e5\" data-elementor-lightbox-title=\"tasarim-merkezi_19b\" data-e-action-hash=\"#elementor-action%3Aaction%3Dlightbox%26settings%3DeyJpZCI6MjAwNjAsInVybCI6Imh0dHBzOlwvXC9tMmtkaWppdGFsLmNvbVwvbWFraW5zYW5cL3dwLWNvbnRlbnRcL3VwbG9hZHNcLzIwMjRcLzA2XC90YXNhcmltLW1lcmtlemlfMTliLmpwZyIsInNsaWRlc2hvdyI6ImU5MGQ5ZTUifQ%3D%3D\" href='https:\/\/m2kdijital.com\/makinsan\/wp-content\/uploads\/2024\/06\/tasarim-merkezi_19b.jpg'><img loading=\"lazy\" decoding=\"async\" width=\"150\" height=\"150\" src=\"https:\/\/m2kdijital.com\/makinsan\/wp-content\/uploads\/2024\/06\/tasarim-merkezi_19b-150x150.jpg\" class=\"attachment-thumbnail size-thumbnail\" alt=\"\" srcset=\"https:\/\/m2kdijital.com\/makinsan\/wp-content\/uploads\/2024\/06\/tasarim-merkezi_19b-150x150.jpg 150w, https:\/\/m2kdijital.com\/makinsan\/wp-content\/uploads\/2024\/06\/tasarim-merkezi_19b-120x120.jpg 120w, https:\/\/m2kdijital.com\/makinsan\/wp-content\/uploads\/2024\/06\/tasarim-merkezi_19b-370x370.jpg 370w\" sizes=\"(max-width: 150px) 100vw, 150px\" \/><\/a>\n\t\t\t<\/div><\/figure><figure class='gallery-item'>\n\t\t\t<div class='gallery-icon landscape'>\n\t\t\t\t<a data-elementor-open-lightbox=\"yes\" data-elementor-lightbox-slideshow=\"e90d9e5\" data-elementor-lightbox-title=\"tasarim-merkezi_32a\" data-e-action-hash=\"#elementor-action%3Aaction%3Dlightbox%26settings%3DeyJpZCI6MjAwNjEsInVybCI6Imh0dHBzOlwvXC9tMmtkaWppdGFsLmNvbVwvbWFraW5zYW5cL3dwLWNvbnRlbnRcL3VwbG9hZHNcLzIwMjRcLzA2XC90YXNhcmltLW1lcmtlemlfMzJhLmpwZyIsInNsaWRlc2hvdyI6ImU5MGQ5ZTUifQ%3D%3D\" href='https:\/\/m2kdijital.com\/makinsan\/wp-content\/uploads\/2024\/06\/tasarim-merkezi_32a.jpg'><img loading=\"lazy\" decoding=\"async\" width=\"150\" height=\"150\" src=\"https:\/\/m2kdijital.com\/makinsan\/wp-content\/uploads\/2024\/06\/tasarim-merkezi_32a-150x150.jpg\" class=\"attachment-thumbnail size-thumbnail\" alt=\"\" srcset=\"https:\/\/m2kdijital.com\/makinsan\/wp-content\/uploads\/2024\/06\/tasarim-merkezi_32a-150x150.jpg 150w, https:\/\/m2kdijital.com\/makinsan\/wp-content\/uploads\/2024\/06\/tasarim-merkezi_32a-120x120.jpg 120w, https:\/\/m2kdijital.com\/makinsan\/wp-content\/uploads\/2024\/06\/tasarim-merkezi_32a-370x370.jpg 370w\" sizes=\"(max-width: 150px) 100vw, 150px\" \/><\/a>\n\t\t\t<\/div><\/figure><figure class='gallery-item'>\n\t\t\t<div class='gallery-icon landscape'>\n\t\t\t\t<a data-elementor-open-lightbox=\"yes\" data-elementor-lightbox-slideshow=\"e90d9e5\" data-elementor-lightbox-title=\"tasarim-merkezi_157\" data-e-action-hash=\"#elementor-action%3Aaction%3Dlightbox%26settings%3DeyJpZCI6MjAwNjIsInVybCI6Imh0dHBzOlwvXC9tMmtkaWppdGFsLmNvbVwvbWFraW5zYW5cL3dwLWNvbnRlbnRcL3VwbG9hZHNcLzIwMjRcLzA2XC90YXNhcmltLW1lcmtlemlfMTU3LmpwZyIsInNsaWRlc2hvdyI6ImU5MGQ5ZTUifQ%3D%3D\" href='https:\/\/m2kdijital.com\/makinsan\/wp-content\/uploads\/2024\/06\/tasarim-merkezi_157.jpg'><img loading=\"lazy\" decoding=\"async\" width=\"150\" height=\"150\" src=\"https:\/\/m2kdijital.com\/makinsan\/wp-content\/uploads\/2024\/06\/tasarim-merkezi_157-150x150.jpg\" class=\"attachment-thumbnail size-thumbnail\" alt=\"\" srcset=\"https:\/\/m2kdijital.com\/makinsan\/wp-content\/uploads\/2024\/06\/tasarim-merkezi_157-150x150.jpg 150w, https:\/\/m2kdijital.com\/makinsan\/wp-content\/uploads\/2024\/06\/tasarim-merkezi_157-120x120.jpg 120w, https:\/\/m2kdijital.com\/makinsan\/wp-content\/uploads\/2024\/06\/tasarim-merkezi_157-370x370.jpg 370w\" sizes=\"(max-width: 150px) 100vw, 150px\" \/><\/a>\n\t\t\t<\/div><\/figure><figure class='gallery-item'>\n\t\t\t<div class='gallery-icon landscape'>\n\t\t\t\t<a data-elementor-open-lightbox=\"yes\" data-elementor-lightbox-slideshow=\"e90d9e5\" data-elementor-lightbox-title=\"tasarim-merkezi_541\" data-e-action-hash=\"#elementor-action%3Aaction%3Dlightbox%26settings%3DeyJpZCI6MjAwNjMsInVybCI6Imh0dHBzOlwvXC9tMmtkaWppdGFsLmNvbVwvbWFraW5zYW5cL3dwLWNvbnRlbnRcL3VwbG9hZHNcLzIwMjRcLzA2XC90YXNhcmltLW1lcmtlemlfNTQxLmpwZyIsInNsaWRlc2hvdyI6ImU5MGQ5ZTUifQ%3D%3D\" href='https:\/\/m2kdijital.com\/makinsan\/wp-content\/uploads\/2024\/06\/tasarim-merkezi_541.jpg'><img loading=\"lazy\" decoding=\"async\" width=\"150\" height=\"150\" src=\"https:\/\/m2kdijital.com\/makinsan\/wp-content\/uploads\/2024\/06\/tasarim-merkezi_541-150x150.jpg\" class=\"attachment-thumbnail size-thumbnail\" alt=\"\" srcset=\"https:\/\/m2kdijital.com\/makinsan\/wp-content\/uploads\/2024\/06\/tasarim-merkezi_541-150x150.jpg 150w, https:\/\/m2kdijital.com\/makinsan\/wp-content\/uploads\/2024\/06\/tasarim-merkezi_541-120x120.jpg 120w, https:\/\/m2kdijital.com\/makinsan\/wp-content\/uploads\/2024\/06\/tasarim-merkezi_541-370x370.jpg 370w\" sizes=\"(max-width: 150px) 100vw, 150px\" \/><\/a>\n\t\t\t<\/div><\/figure><figure class='gallery-item'>\n\t\t\t<div class='gallery-icon landscape'>\n\t\t\t\t<a data-elementor-open-lightbox=\"yes\" data-elementor-lightbox-slideshow=\"e90d9e5\" data-elementor-lightbox-title=\"tasarim-merkezi_707\" data-e-action-hash=\"#elementor-action%3Aaction%3Dlightbox%26settings%3DeyJpZCI6MjAwNjQsInVybCI6Imh0dHBzOlwvXC9tMmtkaWppdGFsLmNvbVwvbWFraW5zYW5cL3dwLWNvbnRlbnRcL3VwbG9hZHNcLzIwMjRcLzA2XC90YXNhcmltLW1lcmtlemlfNzA3LmpwZyIsInNsaWRlc2hvdyI6ImU5MGQ5ZTUifQ%3D%3D\" href='https:\/\/m2kdijital.com\/makinsan\/wp-content\/uploads\/2024\/06\/tasarim-merkezi_707.jpg'><img loading=\"lazy\" decoding=\"async\" width=\"150\" height=\"150\" src=\"https:\/\/m2kdijital.com\/makinsan\/wp-content\/uploads\/2024\/06\/tasarim-merkezi_707-150x150.jpg\" class=\"attachment-thumbnail size-thumbnail\" alt=\"\" srcset=\"https:\/\/m2kdijital.com\/makinsan\/wp-content\/uploads\/2024\/06\/tasarim-merkezi_707-150x150.jpg 150w, https:\/\/m2kdijital.com\/makinsan\/wp-content\/uploads\/2024\/06\/tasarim-merkezi_707-120x120.jpg 120w, https:\/\/m2kdijital.com\/makinsan\/wp-content\/uploads\/2024\/06\/tasarim-merkezi_707-370x370.jpg 370w\" sizes=\"(max-width: 150px) 100vw, 150px\" \/><\/a>\n\t\t\t<\/div><\/figure><figure class='gallery-item'>\n\t\t\t<div class='gallery-icon landscape'>\n\t\t\t\t<a data-elementor-open-lightbox=\"yes\" data-elementor-lightbox-slideshow=\"e90d9e5\" data-elementor-lightbox-title=\"tasarim-merkezi_fde\" data-e-action-hash=\"#elementor-action%3Aaction%3Dlightbox%26settings%3DeyJpZCI6MjAwNjUsInVybCI6Imh0dHBzOlwvXC9tMmtkaWppdGFsLmNvbVwvbWFraW5zYW5cL3dwLWNvbnRlbnRcL3VwbG9hZHNcLzIwMjRcLzA2XC90YXNhcmltLW1lcmtlemlfZmRlLmpwZyIsInNsaWRlc2hvdyI6ImU5MGQ5ZTUifQ%3D%3D\" href='https:\/\/m2kdijital.com\/makinsan\/wp-content\/uploads\/2024\/06\/tasarim-merkezi_fde.jpg'><img loading=\"lazy\" decoding=\"async\" width=\"150\" height=\"150\" src=\"https:\/\/m2kdijital.com\/makinsan\/wp-content\/uploads\/2024\/06\/tasarim-merkezi_fde-150x150.jpg\" class=\"attachment-thumbnail size-thumbnail\" alt=\"\" srcset=\"https:\/\/m2kdijital.com\/makinsan\/wp-content\/uploads\/2024\/06\/tasarim-merkezi_fde-150x150.jpg 150w, https:\/\/m2kdijital.com\/makinsan\/wp-content\/uploads\/2024\/06\/tasarim-merkezi_fde-120x120.jpg 120w, https:\/\/m2kdijital.com\/makinsan\/wp-content\/uploads\/2024\/06\/tasarim-merkezi_fde-370x370.jpg 370w\" sizes=\"(max-width: 150px) 100vw, 150px\" \/><\/a>\n\t\t\t<\/div><\/figure>\n\t\t<\/div>\n\t\t<\/div>\n\t\t\t\t<\/div>\n\t\t\t\t<\/div>\n\t\t\t\t\t<\/div>\n\t\t<\/div>\n\t\t\t\t\t<\/div>\n\t\t<\/section>\n\t\t\t\t<div class=\"elementor-element elementor-element-51b145b sc_height_huge sc_fly_static elementor-widget elementor-widget-spacer\" data-id=\"51b145b\" data-element_type=\"widget\" data-widget_type=\"spacer.default\">\n\t\t\t\t<div class=\"elementor-widget-container\">\n\t\t\t\t\t<div class=\"elementor-spacer\">\n\t\t\t<div class=\"elementor-spacer-inner\"><\/div>\n\t\t<\/div>\n\t\t\t\t<\/div>\n\t\t\t\t<\/div>\n\t\t\t\t\t<\/div>\n\t\t<\/div>\n\t\t\t\t\t<\/div>\n\t\t<\/section>\n\t\t\t\t<\/div>\n\t\t","protected":false},"excerpt":{"rendered":"<p>Hizmetlerimiz Tasar\u0131m Merkezi Makinsan Treyler, m\u00fc\u015fteri beklentilerini en iyi \u015fekilde kar\u015f\u0131lamak ve yenilik\u00e7i fikirleri projelendirmek amac\u0131 ile konusunda uzman kadrosu ile \u00e7al\u0131\u015fmalar\u0131n\u0131 etkin bir \u015fekilde s\u00fcrd\u00fcrmektedir.\u00a01992 y\u0131l\u0131ndan bu yana sahip&hellip;<\/p>\n","protected":false},"author":1,"featured_media":0,"parent":0,"menu_order":0,"comment_status":"closed","ping_status":"closed","template":"","meta":{"footnotes":""},"class_list":["post-19848","page","type-page","status-publish","hentry"],"_links":{"self":[{"href":"https:\/\/m2kdijital.com\/makinsan\/wp-json\/wp\/v2\/pages\/19848","targetHints":{"allow":["GET"]}}],"collection":[{"href":"https:\/\/m2kdijital.com\/makinsan\/wp-json\/wp\/v2\/pages"}],"about":[{"href":"https:\/\/m2kdijital.com\/makinsan\/wp-json\/wp\/v2\/types\/page"}],"author":[{"embeddable":true,"href":"https:\/\/m2kdijital.com\/makinsan\/wp-json\/wp\/v2\/users\/1"}],"replies":[{"embeddable":true,"href":"https:\/\/m2kdijital.com\/makinsan\/wp-json\/wp\/v2\/comments?post=19848"}],"version-history":[{"count":8,"href":"https:\/\/m2kdijital.com\/makinsan\/wp-json\/wp\/v2\/pages\/19848\/revisions"}],"predecessor-version":[{"id":20068,"href":"https:\/\/m2kdijital.com\/makinsan\/wp-json\/wp\/v2\/pages\/19848\/revisions\/20068"}],"wp:attachment":[{"href":"https:\/\/m2kdijital.com\/makinsan\/wp-json\/wp\/v2\/media?parent=19848"}],"curies":[{"name":"wp","href":"https:\/\/api.w.org\/{rel}","templated":true}]}}