{"id":19847,"date":"2024-06-24T01:11:31","date_gmt":"2024-06-23T22:11:31","guid":{"rendered":"https:\/\/m2kdijital.com\/makinsan\/?page_id=19847"},"modified":"2024-06-27T10:46:03","modified_gmt":"2024-06-27T07:46:03","slug":"ihracat-yapilan-ulkeler","status":"publish","type":"page","link":"https:\/\/m2kdijital.com\/makinsan\/ihracat-yapilan-ulkeler\/","title":{"rendered":"\u0130hracat Yap\u0131lan \u00dclkeler"},"content":{"rendered":"\t\t<div data-elementor-type=\"wp-page\" data-elementor-id=\"19847\" class=\"elementor elementor-19847\">\n\t\t\t\t\t\t<section class=\"elementor-section elementor-top-section elementor-element elementor-element-def2510 elementor-section-boxed elementor-section-height-default elementor-section-height-default sc_fly_static\" data-id=\"def2510\" data-element_type=\"section\">\n\t\t\t\t\t\t<div class=\"elementor-container elementor-column-gap-extended\">\n\t\t\t\t\t<div class=\"elementor-column elementor-col-100 elementor-top-column elementor-element elementor-element-5bb8543 sc_inner_width_none sc_content_align_inherit sc_layouts_column_icons_position_left sc_fly_static\" data-id=\"5bb8543\" data-element_type=\"column\">\n\t\t\t<div class=\"elementor-widget-wrap elementor-element-populated\">\n\t\t\t\t\t\t<div class=\"elementor-element elementor-element-2b512f5 sc_height_huge sc_fly_static elementor-widget elementor-widget-spacer\" data-id=\"2b512f5\" data-element_type=\"widget\" data-widget_type=\"spacer.default\">\n\t\t\t\t<div class=\"elementor-widget-container\">\n\t\t\t\t\t<div class=\"elementor-spacer\">\n\t\t\t<div class=\"elementor-spacer-inner\"><\/div>\n\t\t<\/div>\n\t\t\t\t<\/div>\n\t\t\t\t<\/div>\n\t\t\t\t<section class=\"elementor-section elementor-inner-section elementor-element elementor-element-17091cc elementor-section-boxed elementor-section-height-default elementor-section-height-default sc_fly_static\" data-id=\"17091cc\" data-element_type=\"section\">\n\t\t\t\t\t\t<div class=\"elementor-container elementor-column-gap-no\">\n\t\t\t\t\t<div class=\"elementor-column elementor-col-50 elementor-inner-column elementor-element elementor-element-eb2597a sc_inner_width_none sc_content_align_inherit sc_layouts_column_icons_position_left sc_fly_static\" data-id=\"eb2597a\" data-element_type=\"column\">\n\t\t\t<div class=\"elementor-widget-wrap elementor-element-populated\">\n\t\t\t\t\t\t<div class=\"elementor-element elementor-element-7533b11 sc_fly_static elementor-widget elementor-widget-trx_sc_title\" data-id=\"7533b11\" data-element_type=\"widget\" data-widget_type=\"trx_sc_title.default\">\n\t\t\t\t<div class=\"elementor-widget-container\">\n\t\t\t<div\t\tclass=\"sc_title sc_title_default\" ><span class=\"sc_item_subtitle sc_title_subtitle sc_item_subtitle_above sc_item_title_style_default\">Hizmetlerimiz<\/span><h1 class=\"sc_item_title sc_title_title sc_item_title_style_default sc_item_title_tag\"\n\t\t\t><span class=\"sc_item_title_text\">\u0130hracat Yap\u0131lan \u00dclkeler<\/span><\/h1><\/div>\t\t<\/div>\n\t\t\t\t<\/div>\n\t\t\t\t<div class=\"elementor-element elementor-element-a2c9a94 sc_fly_static elementor-widget elementor-widget-image\" data-id=\"a2c9a94\" data-element_type=\"widget\" data-widget_type=\"image.default\">\n\t\t\t\t<div class=\"elementor-widget-container\">\n\t\t\t\t\t\t\t\t\t\t\t\t\t<img fetchpriority=\"high\" decoding=\"async\" width=\"1920\" height=\"595\" src=\"https:\/\/m2kdijital.com\/makinsan\/wp-content\/uploads\/2024\/06\/turkiyeden-dunyaya.jpg\" class=\"attachment-full size-full wp-image-20049\" alt=\"\" srcset=\"https:\/\/m2kdijital.com\/makinsan\/wp-content\/uploads\/2024\/06\/turkiyeden-dunyaya.jpg 1920w, https:\/\/m2kdijital.com\/makinsan\/wp-content\/uploads\/2024\/06\/turkiyeden-dunyaya-300x93.jpg 300w, https:\/\/m2kdijital.com\/makinsan\/wp-content\/uploads\/2024\/06\/turkiyeden-dunyaya-1024x317.jpg 1024w, https:\/\/m2kdijital.com\/makinsan\/wp-content\/uploads\/2024\/06\/turkiyeden-dunyaya-768x238.jpg 768w, https:\/\/m2kdijital.com\/makinsan\/wp-content\/uploads\/2024\/06\/turkiyeden-dunyaya-1536x476.jpg 1536w, https:\/\/m2kdijital.com\/makinsan\/wp-content\/uploads\/2024\/06\/turkiyeden-dunyaya-370x115.jpg 370w, https:\/\/m2kdijital.com\/makinsan\/wp-content\/uploads\/2024\/06\/turkiyeden-dunyaya-840x260.jpg 840w, https:\/\/m2kdijital.com\/makinsan\/wp-content\/uploads\/2024\/06\/turkiyeden-dunyaya-410x127.jpg 410w\" sizes=\"(max-width: 1920px) 100vw, 1920px\" \/>\t\t\t\t\t\t\t\t\t\t\t\t\t<\/div>\n\t\t\t\t<\/div>\n\t\t\t\t\t<\/div>\n\t\t<\/div>\n\t\t\t\t<div class=\"elementor-column elementor-col-50 elementor-inner-column elementor-element elementor-element-28644b6 sc_inner_width_none sc_content_align_inherit sc_layouts_column_icons_position_left sc_fly_static\" data-id=\"28644b6\" data-element_type=\"column\">\n\t\t\t<div class=\"elementor-widget-wrap elementor-element-populated\">\n\t\t\t\t\t\t<div class=\"elementor-element elementor-element-4294f28 elementor-widget__width-initial sc_fly_static elementor-widget elementor-widget-text-editor\" data-id=\"4294f28\" data-element_type=\"widget\" data-widget_type=\"text-editor.default\">\n\t\t\t\t<div class=\"elementor-widget-container\">\n\t\t\t\t\t\t\t<ul><li class=\"country-line\">Azerbaycan\u00a0 \u00a0 \u00a0<\/li><li class=\"country-line\">Bahreyn\u00a0 \u00a0 \u00a0 \u00a0 \u00a0<\/li><li class=\"country-line\">Irak\u00a0 \u00a0 \u00a0 \u00a0 \u00a0 \u00a0 \u00a0\u00a0<\/li><li class=\"country-line\">\u0130ran\u00a0 \u00a0 \u00a0 \u00a0 \u00a0 \u00a0 \u00a0 \u00a0<\/li><li class=\"country-line\">Nijerya\u00a0 \u00a0 \u00a0 \u00a0<\/li><li class=\"country-line\">G\u00fcrcistan\u00a0 \u00a0 \u00a0 \u00a0 \u00a0<\/li><li class=\"country-line\">Kazakistan\u00a0 \u00a0\u00a0<\/li><li class=\"country-line\">Kuveyt\u00a0 \u00a0 \u00a0 \u00a0 \u00a0<\/li><li class=\"country-line\">T\u00fcrkmenistan\u00a0 \u00a0\u00a0<\/li><li class=\"country-line\">Almanya\u00a0 \u00a0 \u00a0 \u00a0<\/li><li class=\"country-line\">Hollanda\u00a0 \u00a0 \u00a0 \u00a0 \u00a0<\/li><li class=\"country-line\">Gana\u00a0 \u00a0 \u00a0 \u00a0 \u00a0 \u00a0 \u00a0\u00a0<\/li><li class=\"country-line\">Libya\u00a0 \u00a0 \u00a0 \u00a0 \u00a0 \u00a0 \u00a0 \u00a0<\/li><li class=\"country-line\">M\u0131s\u0131r\u00a0 \u00a0 \u00a0 \u00a0 \u00a0 \u00a0 \u00a0 \u00a0 \u00a0<\/li><li class=\"country-line\">Finlandiya\u00a0 \u00a0 \u00a0 \u00a0 \u00a0<\/li><li class=\"country-line\">\u0130srail\u00a0 \u00a0 \u00a0 \u00a0 \u00a0 \u00a0 \u00a0 \u00a0 \u00a0<\/li><li class=\"country-line\">Suriye\u00a0 \u00a0 \u00a0 \u00a0 \u00a0 \u00a0\u00a0<\/li><li class=\"country-line\">Rusya\u00a0 \u00a0 \u00a0 \u00a0 \u00a0\u00a0<\/li><li class=\"country-line\">\u00dcrd\u00fcn\u00a0 \u00a0 \u00a0 \u00a0 \u00a0 \u00a0 \u00a0 \u00a0\u00a0<\/li><li class=\"country-line\">\u00d6zbekistan\u00a0 \u00a0<\/li><li class=\"country-line\">\u0130spanya\u00a0 \u00a0 \u00a0 \u00a0 \u00a0 \u00a0\u00a0<\/li><li class=\"country-line\">Romanya\u00a0 \u00a0 \u00a0 \u00a0<\/li><li class=\"country-line\">Fransa\u00a0 \u00a0 \u00a0 \u00a0\u00a0\u00a0<\/li><li class=\"country-line\">BAE\u00a0 \u00a0 \u00a0 \u00a0 \u00a0 \u00a0 \u00a0 \u00a0 \u00a0<\/li><li class=\"country-line\">\u00c7ek Cumhuriyeti<\/li><\/ul>\t\t\t\t\t\t<\/div>\n\t\t\t\t<\/div>\n\t\t\t\t\t<\/div>\n\t\t<\/div>\n\t\t\t\t\t<\/div>\n\t\t<\/section>\n\t\t\t\t<section class=\"elementor-section elementor-inner-section elementor-element elementor-element-22eb0c9 elementor-section-boxed elementor-section-height-default elementor-section-height-default sc_fly_static\" data-id=\"22eb0c9\" data-element_type=\"section\">\n\t\t\t\t\t\t<div class=\"elementor-container elementor-column-gap-no\">\n\t\t\t\t\t<div class=\"elementor-column elementor-col-100 elementor-inner-column elementor-element elementor-element-ba87d5b sc_inner_width_none sc_content_align_inherit sc_layouts_column_icons_position_left sc_fly_static\" data-id=\"ba87d5b\" data-element_type=\"column\">\n\t\t\t<div class=\"elementor-widget-wrap elementor-element-populated\">\n\t\t\t\t\t\t<div class=\"elementor-element elementor-element-f83a7cc sc_height_medium sc_fly_static elementor-widget elementor-widget-spacer\" data-id=\"f83a7cc\" data-element_type=\"widget\" data-widget_type=\"spacer.default\">\n\t\t\t\t<div class=\"elementor-widget-container\">\n\t\t\t\t\t<div class=\"elementor-spacer\">\n\t\t\t<div class=\"elementor-spacer-inner\"><\/div>\n\t\t<\/div>\n\t\t\t\t<\/div>\n\t\t\t\t<\/div>\n\t\t\t\t\t<\/div>\n\t\t<\/div>\n\t\t\t\t\t<\/div>\n\t\t<\/section>\n\t\t\t\t\t<\/div>\n\t\t<\/div>\n\t\t\t\t\t<\/div>\n\t\t<\/section>\n\t\t\t\t<\/div>\n\t\t","protected":false},"excerpt":{"rendered":"<p>Hizmetlerimiz \u0130hracat Yap\u0131lan \u00dclkeler Azerbaycan\u00a0 \u00a0 \u00a0 Bahreyn\u00a0 \u00a0 \u00a0 \u00a0 \u00a0 Irak\u00a0 \u00a0 \u00a0 \u00a0 \u00a0 \u00a0 \u00a0\u00a0 \u0130ran\u00a0 \u00a0 \u00a0 \u00a0 \u00a0 \u00a0 \u00a0 \u00a0 Nijerya\u00a0 \u00a0 \u00a0&hellip;<\/p>\n","protected":false},"author":1,"featured_media":0,"parent":0,"menu_order":0,"comment_status":"closed","ping_status":"closed","template":"","meta":{"footnotes":""},"class_list":["post-19847","page","type-page","status-publish","hentry"],"_links":{"self":[{"href":"https:\/\/m2kdijital.com\/makinsan\/wp-json\/wp\/v2\/pages\/19847","targetHints":{"allow":["GET"]}}],"collection":[{"href":"https:\/\/m2kdijital.com\/makinsan\/wp-json\/wp\/v2\/pages"}],"about":[{"href":"https:\/\/m2kdijital.com\/makinsan\/wp-json\/wp\/v2\/types\/page"}],"author":[{"embeddable":true,"href":"https:\/\/m2kdijital.com\/makinsan\/wp-json\/wp\/v2\/users\/1"}],"replies":[{"embeddable":true,"href":"https:\/\/m2kdijital.com\/makinsan\/wp-json\/wp\/v2\/comments?post=19847"}],"version-history":[{"count":5,"href":"https:\/\/m2kdijital.com\/makinsan\/wp-json\/wp\/v2\/pages\/19847\/revisions"}],"predecessor-version":[{"id":20052,"href":"https:\/\/m2kdijital.com\/makinsan\/wp-json\/wp\/v2\/pages\/19847\/revisions\/20052"}],"wp:attachment":[{"href":"https:\/\/m2kdijital.com\/makinsan\/wp-json\/wp\/v2\/media?parent=19847"}],"curies":[{"name":"wp","href":"https:\/\/api.w.org\/{rel}","templated":true}]}}