{"id":19828,"date":"2024-06-24T01:11:33","date_gmt":"2024-06-23T22:11:33","guid":{"rendered":"https:\/\/m2kdijital.com\/makinsan\/?page_id=19828"},"modified":"2024-10-24T10:13:14","modified_gmt":"2024-10-24T07:13:14","slug":"insan-kaynaklari","status":"publish","type":"page","link":"https:\/\/m2kdijital.com\/makinsan\/insan-kaynaklari\/","title":{"rendered":"\u0130nsan Kaynaklar\u0131"},"content":{"rendered":"\t\t<div data-elementor-type=\"wp-page\" data-elementor-id=\"19828\" class=\"elementor elementor-19828\">\n\t\t\t\t\t\t<section class=\"elementor-section elementor-top-section elementor-element elementor-element-2ac1b54 elementor-section-boxed elementor-section-height-default elementor-section-height-default sc_fly_static\" data-id=\"2ac1b54\" data-element_type=\"section\">\n\t\t\t\t\t\t<div class=\"elementor-container elementor-column-gap-extended\">\n\t\t\t\t\t<div class=\"elementor-column elementor-col-100 elementor-top-column elementor-element elementor-element-657923c sc_inner_width_none sc_content_align_inherit sc_layouts_column_icons_position_left sc_fly_static\" data-id=\"657923c\" data-element_type=\"column\">\n\t\t\t<div class=\"elementor-widget-wrap elementor-element-populated\">\n\t\t\t\t\t\t<div class=\"elementor-element elementor-element-323a270 sc_fly_static elementor-widget elementor-widget-image\" data-id=\"323a270\" data-element_type=\"widget\" data-widget_type=\"image.default\">\n\t\t\t\t<div class=\"elementor-widget-container\">\n\t\t\t\t\t\t\t\t\t\t\t\t\t<img decoding=\"async\" src=\"https:\/\/m2kdijital.com\/makinsan\/wp-content\/uploads\/2024\/10\/ik-scaled.jpg\" title=\"Hr,,People,Analytics,Concept.,Transforming,Hr,Landscape,To,Achieve,Sustainable\" alt=\"Hr,,People,Analytics,Concept.,Transforming,Hr,Landscape,To,Achieve,Sustainable\" loading=\"lazy\" \/>\t\t\t\t\t\t\t\t\t\t\t\t\t<\/div>\n\t\t\t\t<\/div>\n\t\t\t\t\t<\/div>\n\t\t<\/div>\n\t\t\t\t\t<\/div>\n\t\t<\/section>\n\t\t\t\t<section class=\"elementor-section elementor-top-section elementor-element elementor-element-545b859 elementor-section-stretched elementor-section-content-middle elementor-section-boxed elementor-section-height-default elementor-section-height-default sc_fly_static\" data-id=\"545b859\" data-element_type=\"section\" data-settings=\"{&quot;stretch_section&quot;:&quot;section-stretched&quot;}\">\n\t\t\t\t\t\t<div class=\"elementor-container elementor-column-gap-extended\">\n\t\t\t\t\t<div class=\"elementor-column elementor-col-100 elementor-top-column elementor-element elementor-element-b6f88f2 sc_inner_width_none sc_content_align_inherit sc_layouts_column_icons_position_left sc_fly_static\" data-id=\"b6f88f2\" data-element_type=\"column\">\n\t\t\t<div class=\"elementor-widget-wrap elementor-element-populated\">\n\t\t\t\t\t\t<div class=\"elementor-element elementor-element-3f825b1 sc_fly_static elementor-widget elementor-widget-text-editor\" data-id=\"3f825b1\" data-element_type=\"widget\" data-widget_type=\"text-editor.default\">\n\t\t\t\t<div class=\"elementor-widget-container\">\n\t\t\t\t\t\t\t<p>\u0130\u015f ba\u015fvurular\u0131nda e-posta g\u00f6nderimleriniz i\u00e7in tan\u0131ml\u0131 elektronik posta adresimiz: <strong>info@m2kdijital.com<\/strong> &#8216;dir.<\/p><p>L\u00fctfen ba\u015fvurular\u0131n\u0131z\u0131 bir Word D\u00f6k\u00fcman\u0131 yada Acrobat Reader dosyas\u0131 (PDF) olarak eke ekleyiniz.<\/p><p><strong>Not :<\/strong> Vesikal\u0131k foto\u011fraf\u0131 olmayan ba\u015fvurular de\u011ferlendirilmeye al\u0131nmayacakt\u0131r.\u00a0\u00a0<\/p><p><strong>\u0130K Politikam\u0131z :<\/strong><\/p><p>\u00c7al\u0131\u015fan profilimiz, mesle\u011finde uzman, geli\u015fmi\u015f sosyal yetkinli\u011fe sahip, \u015firkete ba\u011fl\u0131l\u0131\u011f\u0131 ve motivasyonu y\u00fcksek, \u00f6\u011frenmeye, kendini geli\u015ftirmeye ve katma de\u011fer yaratmaya istekli bir ekipten olu\u015fmaktad\u0131r.<\/p><p><strong>Se\u00e7me ve Yerle\u015ftirme S\u00fcreci;<\/strong><\/p><p>Firmam\u0131z\u0131n se\u00e7me yerle\u015ftirme s\u00fcreci, personel ihtiya\u00e7lar\u0131n\u0131 kar\u015f\u0131lamak \u00fczere f\u0131rsat e\u015fitli\u011fi ilkesiyle y\u00fcr\u00fct\u00fcl\u00fcr.<\/p><p>\u0130nternet sitemizden direk ba\u015fvurular, internet ve gazete ilanlar\u0131, kariyer g\u00fcnleri, dan\u0131\u015fman firmalar vb. bir \u00e7ok \u00f6zge\u00e7mi\u015f temin etme alternatifi vard\u0131r.\u00a0<\/p><p>Ba\u015fvurular, yetkinlik bazl\u0131 m\u00fclakat, ki\u015filik testleri gibi bilimsel ve modern se\u00e7me metodlar\u0131nda yararlan\u0131larak de\u011ferlendirilir.<\/p><p>Firmam\u0131z e\u011fitime ciddi kaynak ay\u0131rmakta ve \u00e7al\u0131\u015fanlar\u0131n\u0131n geli\u015fimini sa\u011flayacak her t\u00fcrl\u00fc \u00f6\u011frenme faaliyetine kat\u0131l\u0131m\u0131n\u0131 desteklemektedir.<\/p>\t\t\t\t\t\t<\/div>\n\t\t\t\t<\/div>\n\t\t\t\t\t<\/div>\n\t\t<\/div>\n\t\t\t\t\t<\/div>\n\t\t<\/section>\n\t\t\t\t<\/div>\n\t\t","protected":false},"excerpt":{"rendered":"<p>\u0130\u015f ba\u015fvurular\u0131nda e-posta g\u00f6nderimleriniz i\u00e7in tan\u0131ml\u0131 elektronik posta adresimiz: info@m2kdijital.com &#8216;dir. L\u00fctfen ba\u015fvurular\u0131n\u0131z\u0131 bir Word D\u00f6k\u00fcman\u0131 yada Acrobat Reader dosyas\u0131 (PDF) olarak eke ekleyiniz. Not : Vesikal\u0131k foto\u011fraf\u0131 olmayan ba\u015fvurular&hellip;<\/p>\n","protected":false},"author":1,"featured_media":0,"parent":0,"menu_order":0,"comment_status":"closed","ping_status":"closed","template":"","meta":{"footnotes":""},"class_list":["post-19828","page","type-page","status-publish","hentry"],"_links":{"self":[{"href":"https:\/\/m2kdijital.com\/makinsan\/wp-json\/wp\/v2\/pages\/19828","targetHints":{"allow":["GET"]}}],"collection":[{"href":"https:\/\/m2kdijital.com\/makinsan\/wp-json\/wp\/v2\/pages"}],"about":[{"href":"https:\/\/m2kdijital.com\/makinsan\/wp-json\/wp\/v2\/types\/page"}],"author":[{"embeddable":true,"href":"https:\/\/m2kdijital.com\/makinsan\/wp-json\/wp\/v2\/users\/1"}],"replies":[{"embeddable":true,"href":"https:\/\/m2kdijital.com\/makinsan\/wp-json\/wp\/v2\/comments?post=19828"}],"version-history":[{"count":14,"href":"https:\/\/m2kdijital.com\/makinsan\/wp-json\/wp\/v2\/pages\/19828\/revisions"}],"predecessor-version":[{"id":20228,"href":"https:\/\/m2kdijital.com\/makinsan\/wp-json\/wp\/v2\/pages\/19828\/revisions\/20228"}],"wp:attachment":[{"href":"https:\/\/m2kdijital.com\/makinsan\/wp-json\/wp\/v2\/media?parent=19828"}],"curies":[{"name":"wp","href":"https:\/\/api.w.org\/{rel}","templated":true}]}}