{"id":19827,"date":"2024-06-24T01:11:38","date_gmt":"2024-06-23T22:11:38","guid":{"rendered":"https:\/\/m2kdijital.com\/makinsan\/?page_id=19827"},"modified":"2024-10-24T10:13:01","modified_gmt":"2024-10-24T07:13:01","slug":"sirket-bilgileri","status":"publish","type":"page","link":"https:\/\/m2kdijital.com\/makinsan\/sirket-bilgileri\/","title":{"rendered":"\u015eirket Bilgileri"},"content":{"rendered":"\t\t<div data-elementor-type=\"wp-page\" data-elementor-id=\"19827\" class=\"elementor elementor-19827\">\n\t\t\t\t\t\t<section class=\"elementor-section elementor-top-section elementor-element elementor-element-2ac1b54 elementor-section-boxed elementor-section-height-default elementor-section-height-default sc_fly_static\" data-id=\"2ac1b54\" data-element_type=\"section\">\n\t\t\t\t\t\t<div class=\"elementor-container elementor-column-gap-extended\">\n\t\t\t\t\t<div class=\"elementor-column elementor-col-100 elementor-top-column elementor-element elementor-element-657923c sc_inner_width_none sc_content_align_inherit sc_layouts_column_icons_position_left sc_fly_static\" data-id=\"657923c\" data-element_type=\"column\">\n\t\t\t<div class=\"elementor-widget-wrap elementor-element-populated\">\n\t\t\t\t\t\t<div class=\"elementor-element elementor-element-35faf49 sc_fly_static elementor-widget elementor-widget-image\" data-id=\"35faf49\" data-element_type=\"widget\" data-widget_type=\"image.default\">\n\t\t\t\t<div class=\"elementor-widget-container\">\n\t\t\t\t\t\t\t\t\t\t\t\t\t<img fetchpriority=\"high\" decoding=\"async\" width=\"2560\" height=\"735\" src=\"https:\/\/m2kdijital.com\/makinsan\/wp-content\/uploads\/2024\/10\/sirketBilgileri-scaled.jpg\" class=\"attachment-full size-full wp-image-20222\" alt=\"\" srcset=\"https:\/\/m2kdijital.com\/makinsan\/wp-content\/uploads\/2024\/10\/sirketBilgileri-scaled.jpg 2560w, https:\/\/m2kdijital.com\/makinsan\/wp-content\/uploads\/2024\/10\/sirketBilgileri-300x86.jpg 300w, https:\/\/m2kdijital.com\/makinsan\/wp-content\/uploads\/2024\/10\/sirketBilgileri-1024x294.jpg 1024w, https:\/\/m2kdijital.com\/makinsan\/wp-content\/uploads\/2024\/10\/sirketBilgileri-768x220.jpg 768w, https:\/\/m2kdijital.com\/makinsan\/wp-content\/uploads\/2024\/10\/sirketBilgileri-1536x441.jpg 1536w, https:\/\/m2kdijital.com\/makinsan\/wp-content\/uploads\/2024\/10\/sirketBilgileri-2048x588.jpg 2048w, https:\/\/m2kdijital.com\/makinsan\/wp-content\/uploads\/2024\/10\/sirketBilgileri-370x106.jpg 370w, https:\/\/m2kdijital.com\/makinsan\/wp-content\/uploads\/2024\/10\/sirketBilgileri-840x241.jpg 840w, https:\/\/m2kdijital.com\/makinsan\/wp-content\/uploads\/2024\/10\/sirketBilgileri-410x118.jpg 410w\" sizes=\"(max-width: 2560px) 100vw, 2560px\" \/>\t\t\t\t\t\t\t\t\t\t\t\t\t<\/div>\n\t\t\t\t<\/div>\n\t\t\t\t\t<\/div>\n\t\t<\/div>\n\t\t\t\t\t<\/div>\n\t\t<\/section>\n\t\t\t\t<section class=\"elementor-section elementor-top-section elementor-element elementor-element-545b859 elementor-section-stretched elementor-section-content-middle elementor-section-boxed elementor-section-height-default elementor-section-height-default sc_fly_static\" data-id=\"545b859\" data-element_type=\"section\" data-settings=\"{&quot;stretch_section&quot;:&quot;section-stretched&quot;}\">\n\t\t\t\t\t\t<div class=\"elementor-container elementor-column-gap-extended\">\n\t\t\t\t\t<div class=\"elementor-column elementor-col-100 elementor-top-column elementor-element elementor-element-b6f88f2 sc_inner_width_none sc_content_align_inherit sc_layouts_column_icons_position_left sc_fly_static\" data-id=\"b6f88f2\" data-element_type=\"column\">\n\t\t\t<div class=\"elementor-widget-wrap elementor-element-populated\">\n\t\t\t\t\t\t<div class=\"elementor-element elementor-element-3f825b1 sc_fly_static elementor-widget elementor-widget-text-editor\" data-id=\"3f825b1\" data-element_type=\"widget\" data-widget_type=\"text-editor.default\">\n\t\t\t\t<div class=\"elementor-widget-container\">\n\t\t\t\t\t\t\t<div>Makinsan Treyler<\/div>\n<div><\/div>\n<div><strong>Telefon:<\/strong> +90 533 663 82 56<\/div>\n<div><\/div>\n<div><strong>Adres:\u00a0<\/strong>Adana Hac\u0131 Sabanc\u0131 Organize Sanayi B\u00f6lgesi OSB \u0130stiklal Caddesi No: 17 Sar\u0131\u00e7am\/Adana T\u00fcrkiye<\/div>\n<div><\/div>\n<div><strong>E-Posta:\u00a0<\/strong>info@makinsan.com.tr<\/div>\t\t\t\t\t\t<\/div>\n\t\t\t\t<\/div>\n\t\t\t\t\t<\/div>\n\t\t<\/div>\n\t\t\t\t\t<\/div>\n\t\t<\/section>\n\t\t\t\t<\/div>\n\t\t","protected":false},"excerpt":{"rendered":"<p>Makinsan Treyler Telefon: +90 533 663 82 56 Adres:\u00a0Adana Hac\u0131 Sabanc\u0131 Organize Sanayi B\u00f6lgesi OSB \u0130stiklal Caddesi No: 17 Sar\u0131\u00e7am\/Adana T\u00fcrkiye E-Posta:\u00a0info@makinsan.com.tr<\/p>\n","protected":false},"author":1,"featured_media":0,"parent":0,"menu_order":0,"comment_status":"closed","ping_status":"closed","template":"","meta":{"footnotes":""},"class_list":["post-19827","page","type-page","status-publish","hentry"],"_links":{"self":[{"href":"https:\/\/m2kdijital.com\/makinsan\/wp-json\/wp\/v2\/pages\/19827","targetHints":{"allow":["GET"]}}],"collection":[{"href":"https:\/\/m2kdijital.com\/makinsan\/wp-json\/wp\/v2\/pages"}],"about":[{"href":"https:\/\/m2kdijital.com\/makinsan\/wp-json\/wp\/v2\/types\/page"}],"author":[{"embeddable":true,"href":"https:\/\/m2kdijital.com\/makinsan\/wp-json\/wp\/v2\/users\/1"}],"replies":[{"embeddable":true,"href":"https:\/\/m2kdijital.com\/makinsan\/wp-json\/wp\/v2\/comments?post=19827"}],"version-history":[{"count":14,"href":"https:\/\/m2kdijital.com\/makinsan\/wp-json\/wp\/v2\/pages\/19827\/revisions"}],"predecessor-version":[{"id":20225,"href":"https:\/\/m2kdijital.com\/makinsan\/wp-json\/wp\/v2\/pages\/19827\/revisions\/20225"}],"wp:attachment":[{"href":"https:\/\/m2kdijital.com\/makinsan\/wp-json\/wp\/v2\/media?parent=19827"}],"curies":[{"name":"wp","href":"https:\/\/api.w.org\/{rel}","templated":true}]}}