{"id":19826,"date":"2024-06-24T01:11:35","date_gmt":"2024-06-23T22:11:35","guid":{"rendered":"https:\/\/m2kdijital.com\/makinsan\/?page_id=19826"},"modified":"2025-03-08T23:16:40","modified_gmt":"2025-03-08T20:16:40","slug":"misyon-vizyon","status":"publish","type":"page","link":"https:\/\/m2kdijital.com\/makinsan\/misyon-vizyon\/","title":{"rendered":"Misyon &#038; Vizyon"},"content":{"rendered":"\t\t<div data-elementor-type=\"wp-page\" data-elementor-id=\"19826\" class=\"elementor elementor-19826\">\n\t\t\t\t\t\t<section class=\"elementor-section elementor-top-section elementor-element elementor-element-8b04ff0 elementor-section-boxed elementor-section-height-default elementor-section-height-default sc_fly_static\" data-id=\"8b04ff0\" data-element_type=\"section\">\n\t\t\t\t\t\t<div class=\"elementor-container elementor-column-gap-extended\">\n\t\t\t\t\t<div class=\"elementor-column elementor-col-100 elementor-top-column elementor-element elementor-element-060b6dd sc_inner_width_none sc_content_align_inherit sc_layouts_column_icons_position_left sc_fly_static\" data-id=\"060b6dd\" data-element_type=\"column\">\n\t\t\t<div class=\"elementor-widget-wrap elementor-element-populated\">\n\t\t\t\t\t\t<div class=\"elementor-element elementor-element-92b1a28 sc_fly_static elementor-widget elementor-widget-image\" data-id=\"92b1a28\" data-element_type=\"widget\" data-widget_type=\"image.default\">\n\t\t\t\t<div class=\"elementor-widget-container\">\n\t\t\t\t\t\t\t\t\t\t\t\t\t<img fetchpriority=\"high\" decoding=\"async\" width=\"2560\" height=\"1397\" src=\"https:\/\/m2kdijital.com\/makinsan\/wp-content\/uploads\/2024\/10\/misyonVizyon-scaled.jpg\" class=\"attachment-full size-full wp-image-20215\" alt=\"\" srcset=\"https:\/\/m2kdijital.com\/makinsan\/wp-content\/uploads\/2024\/10\/misyonVizyon-scaled.jpg 2560w, https:\/\/m2kdijital.com\/makinsan\/wp-content\/uploads\/2024\/10\/misyonVizyon-300x164.jpg 300w, https:\/\/m2kdijital.com\/makinsan\/wp-content\/uploads\/2024\/10\/misyonVizyon-1024x559.jpg 1024w, https:\/\/m2kdijital.com\/makinsan\/wp-content\/uploads\/2024\/10\/misyonVizyon-768x419.jpg 768w, https:\/\/m2kdijital.com\/makinsan\/wp-content\/uploads\/2024\/10\/misyonVizyon-1536x838.jpg 1536w, https:\/\/m2kdijital.com\/makinsan\/wp-content\/uploads\/2024\/10\/misyonVizyon-2048x1118.jpg 2048w, https:\/\/m2kdijital.com\/makinsan\/wp-content\/uploads\/2024\/10\/misyonVizyon-370x202.jpg 370w, https:\/\/m2kdijital.com\/makinsan\/wp-content\/uploads\/2024\/10\/misyonVizyon-840x458.jpg 840w, https:\/\/m2kdijital.com\/makinsan\/wp-content\/uploads\/2024\/10\/misyonVizyon-410x224.jpg 410w\" sizes=\"(max-width: 2560px) 100vw, 2560px\" \/>\t\t\t\t\t\t\t\t\t\t\t\t\t<\/div>\n\t\t\t\t<\/div>\n\t\t\t\t\t<\/div>\n\t\t<\/div>\n\t\t\t\t\t<\/div>\n\t\t<\/section>\n\t\t\t\t<section class=\"elementor-section elementor-top-section elementor-element elementor-element-545b859 elementor-section-stretched elementor-section-content-middle elementor-section-boxed elementor-section-height-default elementor-section-height-default sc_fly_static\" data-id=\"545b859\" data-element_type=\"section\" data-settings=\"{&quot;stretch_section&quot;:&quot;section-stretched&quot;}\">\n\t\t\t\t\t\t<div class=\"elementor-container elementor-column-gap-extended\">\n\t\t\t\t\t<div class=\"elementor-column elementor-col-100 elementor-top-column elementor-element elementor-element-b6f88f2 sc_inner_width_none sc_content_align_inherit sc_layouts_column_icons_position_left sc_fly_static\" data-id=\"b6f88f2\" data-element_type=\"column\">\n\t\t\t<div class=\"elementor-widget-wrap elementor-element-populated\">\n\t\t\t\t\t\t<div class=\"elementor-element elementor-element-3f825b1 sc_fly_static elementor-widget elementor-widget-text-editor\" data-id=\"3f825b1\" data-element_type=\"widget\" data-widget_type=\"text-editor.default\">\n\t\t\t\t<div class=\"elementor-widget-container\">\n\t\t\t\t\t\t\t<div><strong>Misyon;<\/strong><br \/>Makinsan Treyler, a\u011f\u0131r y\u00fck ta\u015f\u0131mac\u0131l\u0131k sekt\u00f6r\u00fcnde, tecr\u00fcbelerini g\u00fc\u00e7l\u00fc \u00fcretim altyap\u0131s\u0131yla birle\u015ftirerek,m\u00fc\u015fteri ihtiya\u00e7 ve beklentilerini en iyi \u015fekilde anlayarak,T\u00fcrkiye\u2019de ve yurtd\u0131\u015f\u0131nda m\u00fc\u015fterilerine kaliteli ve g\u00fcvenli ara\u00e7lar sunar.<\/div><div>\u00a0<\/div><div><strong>Vizyon;<\/strong><br \/>Her zaman daha iyiye ula\u015fma gayretiyle teknolojik geli\u015fmeleri yak\u0131ndan takip ederek \u00fcretim standartlar\u0131n\u0131 en \u00fcst seviyeye \u00e7\u0131karan,T\u00fcrkiye\u2019de ve d\u00fcnyan\u0131n her yerinde yayg\u0131n,g\u00fcvenilir ve ayn\u0131 kalitede hizmet sunan, m\u00fc\u015fterilerine her ko\u015fulda \u00e7\u00f6z\u00fcm \u00fcreten bir d\u00fcnya markas\u0131 olmakt\u0131r.<\/div>\t\t\t\t\t\t<\/div>\n\t\t\t\t<\/div>\n\t\t\t\t\t<\/div>\n\t\t<\/div>\n\t\t\t\t\t<\/div>\n\t\t<\/section>\n\t\t\t\t<\/div>\n\t\t","protected":false},"excerpt":{"rendered":"<p>Misyon;Makinsan Treyler, a\u011f\u0131r y\u00fck ta\u015f\u0131mac\u0131l\u0131k sekt\u00f6r\u00fcnde, tecr\u00fcbelerini g\u00fc\u00e7l\u00fc \u00fcretim altyap\u0131s\u0131yla birle\u015ftirerek,m\u00fc\u015fteri ihtiya\u00e7 ve beklentilerini en iyi \u015fekilde anlayarak,T\u00fcrkiye\u2019de ve yurtd\u0131\u015f\u0131nda m\u00fc\u015fterilerine kaliteli ve g\u00fcvenli ara\u00e7lar sunar.\u00a0Vizyon;Her zaman daha iyiye ula\u015fma&hellip;<\/p>\n","protected":false},"author":1,"featured_media":0,"parent":0,"menu_order":0,"comment_status":"closed","ping_status":"closed","template":"","meta":{"footnotes":""},"class_list":["post-19826","page","type-page","status-publish","hentry"],"_links":{"self":[{"href":"https:\/\/m2kdijital.com\/makinsan\/wp-json\/wp\/v2\/pages\/19826","targetHints":{"allow":["GET"]}}],"collection":[{"href":"https:\/\/m2kdijital.com\/makinsan\/wp-json\/wp\/v2\/pages"}],"about":[{"href":"https:\/\/m2kdijital.com\/makinsan\/wp-json\/wp\/v2\/types\/page"}],"author":[{"embeddable":true,"href":"https:\/\/m2kdijital.com\/makinsan\/wp-json\/wp\/v2\/users\/1"}],"replies":[{"embeddable":true,"href":"https:\/\/m2kdijital.com\/makinsan\/wp-json\/wp\/v2\/comments?post=19826"}],"version-history":[{"count":11,"href":"https:\/\/m2kdijital.com\/makinsan\/wp-json\/wp\/v2\/pages\/19826\/revisions"}],"predecessor-version":[{"id":20324,"href":"https:\/\/m2kdijital.com\/makinsan\/wp-json\/wp\/v2\/pages\/19826\/revisions\/20324"}],"wp:attachment":[{"href":"https:\/\/m2kdijital.com\/makinsan\/wp-json\/wp\/v2\/media?parent=19826"}],"curies":[{"name":"wp","href":"https:\/\/api.w.org\/{rel}","templated":true}]}}