{"id":17391,"date":"2021-09-13T10:46:47","date_gmt":"2021-09-13T10:46:47","guid":{"rendered":"https:\/\/m2kdijital.com\/makinsan.ancorathemes.com\/?page_id=17391"},"modified":"2024-10-24T10:14:58","modified_gmt":"2024-10-24T07:14:58","slug":"satis-sonrasi-hizmetler","status":"publish","type":"page","link":"https:\/\/m2kdijital.com\/makinsan\/satis-sonrasi-hizmetler\/","title":{"rendered":"Sat\u0131\u015f Sonras\u0131 Hizmetler"},"content":{"rendered":"\t\t<div data-elementor-type=\"wp-page\" data-elementor-id=\"17391\" class=\"elementor elementor-17391\">\n\t\t\t\t\t\t<section class=\"elementor-section elementor-top-section elementor-element elementor-element-0bd020c elementor-section-boxed elementor-section-height-default elementor-section-height-default sc_fly_static\" data-id=\"0bd020c\" data-element_type=\"section\">\n\t\t\t\t\t\t<div class=\"elementor-container elementor-column-gap-extended\">\n\t\t\t\t\t<div class=\"elementor-column elementor-col-100 elementor-top-column elementor-element elementor-element-626c93c sc_inner_width_none sc_content_align_inherit sc_layouts_column_icons_position_left sc_fly_static\" data-id=\"626c93c\" data-element_type=\"column\">\n\t\t\t<div class=\"elementor-widget-wrap elementor-element-populated\">\n\t\t\t\t\t\t<div class=\"elementor-element elementor-element-a2c9a94 sc_fly_static elementor-widget elementor-widget-image\" data-id=\"a2c9a94\" data-element_type=\"widget\" data-widget_type=\"image.default\">\n\t\t\t\t<div class=\"elementor-widget-container\">\n\t\t\t\t\t\t\t\t\t\t\t\t\t<img fetchpriority=\"high\" decoding=\"async\" width=\"2560\" height=\"1703\" src=\"https:\/\/m2kdijital.com\/makinsan\/wp-content\/uploads\/2024\/10\/ssh-scaled.jpg\" class=\"attachment-full size-full wp-image-20229\" alt=\"\" srcset=\"https:\/\/m2kdijital.com\/makinsan\/wp-content\/uploads\/2024\/10\/ssh-scaled.jpg 2560w, https:\/\/m2kdijital.com\/makinsan\/wp-content\/uploads\/2024\/10\/ssh-300x200.jpg 300w, https:\/\/m2kdijital.com\/makinsan\/wp-content\/uploads\/2024\/10\/ssh-1024x681.jpg 1024w, https:\/\/m2kdijital.com\/makinsan\/wp-content\/uploads\/2024\/10\/ssh-768x511.jpg 768w, https:\/\/m2kdijital.com\/makinsan\/wp-content\/uploads\/2024\/10\/ssh-1536x1022.jpg 1536w, https:\/\/m2kdijital.com\/makinsan\/wp-content\/uploads\/2024\/10\/ssh-2048x1363.jpg 2048w, https:\/\/m2kdijital.com\/makinsan\/wp-content\/uploads\/2024\/10\/ssh-370x246.jpg 370w, https:\/\/m2kdijital.com\/makinsan\/wp-content\/uploads\/2024\/10\/ssh-840x559.jpg 840w, https:\/\/m2kdijital.com\/makinsan\/wp-content\/uploads\/2024\/10\/ssh-410x273.jpg 410w\" sizes=\"(max-width: 2560px) 100vw, 2560px\" \/>\t\t\t\t\t\t\t\t\t\t\t\t\t<\/div>\n\t\t\t\t<\/div>\n\t\t\t\t\t<\/div>\n\t\t<\/div>\n\t\t\t\t\t<\/div>\n\t\t<\/section>\n\t\t\t\t<section class=\"elementor-section elementor-top-section elementor-element elementor-element-def2510 elementor-section-boxed elementor-section-height-default elementor-section-height-default sc_fly_static\" data-id=\"def2510\" data-element_type=\"section\">\n\t\t\t\t\t\t<div class=\"elementor-container elementor-column-gap-extended\">\n\t\t\t\t\t<div class=\"elementor-column elementor-col-100 elementor-top-column elementor-element elementor-element-5bb8543 sc_inner_width_none sc_content_align_inherit sc_layouts_column_icons_position_left sc_fly_static\" data-id=\"5bb8543\" data-element_type=\"column\">\n\t\t\t<div class=\"elementor-widget-wrap elementor-element-populated\">\n\t\t\t\t\t\t<section class=\"elementor-section elementor-inner-section elementor-element elementor-element-17091cc elementor-section-boxed elementor-section-height-default elementor-section-height-default sc_fly_static\" data-id=\"17091cc\" data-element_type=\"section\">\n\t\t\t\t\t\t<div class=\"elementor-container elementor-column-gap-no\">\n\t\t\t\t\t<div class=\"elementor-column elementor-col-50 elementor-inner-column elementor-element elementor-element-eb2597a sc_inner_width_none sc_content_align_inherit sc_layouts_column_icons_position_left sc_fly_static\" data-id=\"eb2597a\" data-element_type=\"column\">\n\t\t\t<div class=\"elementor-widget-wrap elementor-element-populated\">\n\t\t\t\t\t\t<div class=\"elementor-element elementor-element-7533b11 sc_fly_static elementor-widget elementor-widget-trx_sc_title\" data-id=\"7533b11\" data-element_type=\"widget\" data-widget_type=\"trx_sc_title.default\">\n\t\t\t\t<div class=\"elementor-widget-container\">\n\t\t\t<div\t\tclass=\"sc_title sc_title_default\" ><span class=\"sc_item_subtitle sc_title_subtitle sc_item_subtitle_above sc_item_title_style_default\">Hizmetlerimiz<\/span><h1 class=\"sc_item_title sc_title_title sc_item_title_style_default sc_item_title_tag\"\n\t\t\t><span class=\"sc_item_title_text\">Sat\u0131\u015f Sonras\u0131 Hizmetler<\/span><\/h1><\/div>\t\t<\/div>\n\t\t\t\t<\/div>\n\t\t\t\t\t<\/div>\n\t\t<\/div>\n\t\t\t\t<div class=\"elementor-column elementor-col-50 elementor-inner-column elementor-element elementor-element-28644b6 sc_inner_width_none sc_content_align_inherit sc_layouts_column_icons_position_left sc_fly_static\" data-id=\"28644b6\" data-element_type=\"column\">\n\t\t\t<div class=\"elementor-widget-wrap elementor-element-populated\">\n\t\t\t\t\t\t<div class=\"elementor-element elementor-element-2dcccce sc_fly_static elementor-widget elementor-widget-spacer\" data-id=\"2dcccce\" data-element_type=\"widget\" data-widget_type=\"spacer.default\">\n\t\t\t\t<div class=\"elementor-widget-container\">\n\t\t\t\t\t<div class=\"elementor-spacer\">\n\t\t\t<div class=\"elementor-spacer-inner\"><\/div>\n\t\t<\/div>\n\t\t\t\t<\/div>\n\t\t\t\t<\/div>\n\t\t\t\t<div class=\"elementor-element elementor-element-4294f28 sc_fly_static elementor-widget elementor-widget-text-editor\" data-id=\"4294f28\" data-element_type=\"widget\" data-widget_type=\"text-editor.default\">\n\t\t\t\t<div class=\"elementor-widget-container\">\n\t\t\t\t\t\t\t<p>\u0130\u00e7erik g\u00fcncellenmektedir.<\/p>\t\t\t\t\t\t<\/div>\n\t\t\t\t<\/div>\n\t\t\t\t\t<\/div>\n\t\t<\/div>\n\t\t\t\t\t<\/div>\n\t\t<\/section>\n\t\t\t\t<section class=\"elementor-section elementor-inner-section elementor-element elementor-element-22eb0c9 elementor-section-boxed elementor-section-height-default elementor-section-height-default sc_fly_static\" data-id=\"22eb0c9\" data-element_type=\"section\">\n\t\t\t\t\t\t<div class=\"elementor-container elementor-column-gap-no\">\n\t\t\t\t\t<div class=\"elementor-column elementor-col-100 elementor-inner-column elementor-element elementor-element-71d47c8 sc_inner_width_none sc_content_align_inherit sc_layouts_column_icons_position_left sc_fly_static\" data-id=\"71d47c8\" data-element_type=\"column\">\n\t\t\t<div class=\"elementor-widget-wrap\">\n\t\t\t\t\t\t\t<\/div>\n\t\t<\/div>\n\t\t\t\t\t<\/div>\n\t\t<\/section>\n\t\t\t\t<div class=\"elementor-element elementor-element-51b145b sc_height_huge sc_fly_static elementor-widget elementor-widget-spacer\" data-id=\"51b145b\" data-element_type=\"widget\" data-widget_type=\"spacer.default\">\n\t\t\t\t<div class=\"elementor-widget-container\">\n\t\t\t\t\t<div class=\"elementor-spacer\">\n\t\t\t<div class=\"elementor-spacer-inner\"><\/div>\n\t\t<\/div>\n\t\t\t\t<\/div>\n\t\t\t\t<\/div>\n\t\t\t\t\t<\/div>\n\t\t<\/div>\n\t\t\t\t\t<\/div>\n\t\t<\/section>\n\t\t\t\t<\/div>\n\t\t","protected":false},"excerpt":{"rendered":"<p>Hizmetlerimiz Sat\u0131\u015f Sonras\u0131 Hizmetler \u0130\u00e7erik g\u00fcncellenmektedir.<\/p>\n","protected":false},"author":1,"featured_media":0,"parent":0,"menu_order":0,"comment_status":"closed","ping_status":"closed","template":"","meta":{"footnotes":""},"class_list":["post-17391","page","type-page","status-publish","hentry"],"_links":{"self":[{"href":"https:\/\/m2kdijital.com\/makinsan\/wp-json\/wp\/v2\/pages\/17391","targetHints":{"allow":["GET"]}}],"collection":[{"href":"https:\/\/m2kdijital.com\/makinsan\/wp-json\/wp\/v2\/pages"}],"about":[{"href":"https:\/\/m2kdijital.com\/makinsan\/wp-json\/wp\/v2\/types\/page"}],"author":[{"embeddable":true,"href":"https:\/\/m2kdijital.com\/makinsan\/wp-json\/wp\/v2\/users\/1"}],"replies":[{"embeddable":true,"href":"https:\/\/m2kdijital.com\/makinsan\/wp-json\/wp\/v2\/comments?post=17391"}],"version-history":[{"count":13,"href":"https:\/\/m2kdijital.com\/makinsan\/wp-json\/wp\/v2\/pages\/17391\/revisions"}],"predecessor-version":[{"id":20233,"href":"https:\/\/m2kdijital.com\/makinsan\/wp-json\/wp\/v2\/pages\/17391\/revisions\/20233"}],"wp:attachment":[{"href":"https:\/\/m2kdijital.com\/makinsan\/wp-json\/wp\/v2\/media?parent=17391"}],"curies":[{"name":"wp","href":"https:\/\/api.w.org\/{rel}","templated":true}]}}